{"id":23,"date":"2022-09-04T12:00:26","date_gmt":"2022-09-04T12:00:26","guid":{"rendered":"https:\/\/solarbuergergenossenschaft.benjaminkuerten.de\/?page_id=23"},"modified":"2025-09-09T12:43:30","modified_gmt":"2025-09-09T10:43:30","slug":"ihre-energiewende","status":"publish","type":"page","link":"https:\/\/www.solarbuergergenossenschaft.de\/index.php\/ihre-energiewende\/","title":{"rendered":"Ihre Energiewende"},"content":{"rendered":"\t\t<div data-elementor-type=\"wp-page\" data-elementor-id=\"23\" class=\"elementor elementor-23\">\n\t\t\t\t\t\t<section class=\"elementor-section elementor-top-section elementor-element elementor-element-688a627 elementor-section-boxed elementor-section-height-default elementor-section-height-default\" data-id=\"688a627\" data-element_type=\"section\" data-e-type=\"section\" data-settings=\"{&quot;background_background&quot;:&quot;classic&quot;}\">\n\t\t\t\t\t\t\t<div class=\"elementor-background-overlay\"><\/div>\n\t\t\t\t\t\t\t<div class=\"elementor-container elementor-column-gap-default\">\n\t\t\t\t\t<div class=\"elementor-column elementor-col-100 elementor-top-column elementor-element elementor-element-8fb3ab2\" data-id=\"8fb3ab2\" data-element_type=\"column\" data-e-type=\"column\">\n\t\t\t<div class=\"elementor-widget-wrap elementor-element-populated\">\n\t\t\t\t\t\t<div class=\"elementor-element elementor-element-4d106d2 elementor-widget__width-initial elementor-widget elementor-widget-heading\" data-id=\"4d106d2\" data-element_type=\"widget\" data-e-type=\"widget\" data-widget_type=\"heading.default\">\n\t\t\t\t<div class=\"elementor-widget-container\">\n\t\t\t\t\t<h2 class=\"elementor-heading-title elementor-size-default\">Strom vom Dach f\u00fcr<br>\nGewerbe und Wohnbau<\/h2>\t\t\t\t<\/div>\n\t\t\t\t<\/div>\n\t\t\t\t\t<\/div>\n\t\t<\/div>\n\t\t\t\t\t<\/div>\n\t\t<\/section>\n\t\t\t\t<section class=\"elementor-section elementor-top-section elementor-element elementor-element-1dd84f5 elementor-section-boxed elementor-section-height-default elementor-section-height-default\" data-id=\"1dd84f5\" data-element_type=\"section\" data-e-type=\"section\">\n\t\t\t\t\t\t<div class=\"elementor-container elementor-column-gap-default\">\n\t\t\t\t\t<div class=\"elementor-column elementor-col-100 elementor-top-column elementor-element elementor-element-dd5579b\" data-id=\"dd5579b\" data-element_type=\"column\" data-e-type=\"column\">\n\t\t\t<div class=\"elementor-widget-wrap elementor-element-populated\">\n\t\t\t\t\t\t<div class=\"elementor-element elementor-element-6707a95 elementor-widget__width-initial elementor-widget elementor-widget-button\" data-id=\"6707a95\" data-element_type=\"widget\" data-e-type=\"widget\" data-widget_type=\"button.default\">\n\t\t\t\t<div class=\"elementor-widget-container\">\n\t\t\t\t\t\t\t\t\t<div class=\"elementor-button-wrapper\">\n\t\t\t\t\t<a class=\"elementor-button elementor-button-link elementor-size-md\" href=\"#\">\n\t\t\t\t\t\t<span class=\"elementor-button-content-wrapper\">\n\t\t\t\t\t\t\t\t\t<span class=\"elementor-button-text\">F\u00fcr den Abschluss eines Stromliefervertrages im Mieterstrommodell wenden Sie sich bitte per Mail direkt an: info@solargeno.de<br><br>Machen Sie das bitte nicht \u00fcber unsere Seite \"B\u00fcrger\u00d6kostrom-Tarif berechnen und wechseln \/ anmelden\"<\/span>\n\t\t\t\t\t<\/span>\n\t\t\t\t\t<\/a>\n\t\t\t\t<\/div>\n\t\t\t\t\t\t\t\t<\/div>\n\t\t\t\t<\/div>\n\t\t\t\t\t<\/div>\n\t\t<\/div>\n\t\t\t\t\t<\/div>\n\t\t<\/section>\n\t\t\t\t<section class=\"elementor-section elementor-top-section elementor-element elementor-element-a7286bf elementor-section-boxed elementor-section-height-default elementor-section-height-default\" data-id=\"a7286bf\" data-element_type=\"section\" data-e-type=\"section\">\n\t\t\t\t\t\t<div class=\"elementor-container elementor-column-gap-default\">\n\t\t\t\t\t<div class=\"elementor-column elementor-col-100 elementor-top-column elementor-element elementor-element-e57318c\" data-id=\"e57318c\" data-element_type=\"column\" data-e-type=\"column\">\n\t\t\t<div class=\"elementor-widget-wrap elementor-element-populated\">\n\t\t\t\t\t\t<section class=\"elementor-section elementor-inner-section elementor-element elementor-element-e62a3a7 elementor-section-boxed elementor-section-height-default elementor-section-height-default\" data-id=\"e62a3a7\" data-element_type=\"section\" data-e-type=\"section\">\n\t\t\t\t\t\t<div class=\"elementor-container elementor-column-gap-default\">\n\t\t\t\t\t<div class=\"elementor-column elementor-col-100 elementor-inner-column elementor-element elementor-element-39209e4\" data-id=\"39209e4\" data-element_type=\"column\" data-e-type=\"column\">\n\t\t\t<div class=\"elementor-widget-wrap elementor-element-populated\">\n\t\t\t\t\t\t<div class=\"elementor-element elementor-element-1418bd9 elementor-widget elementor-widget-heading\" data-id=\"1418bd9\" data-element_type=\"widget\" data-e-type=\"widget\" data-widget_type=\"heading.default\">\n\t\t\t\t<div class=\"elementor-widget-container\">\n\t\t\t\t\t<h2 class=\"elementor-heading-title elementor-size-default\">Lassen Sie sich doch mal bedienen ...<\/h2>\t\t\t\t<\/div>\n\t\t\t\t<\/div>\n\t\t\t\t<div class=\"elementor-element elementor-element-c501827 elementor-widget elementor-widget-text-editor\" data-id=\"c501827\" data-element_type=\"widget\" data-e-type=\"widget\" data-widget_type=\"text-editor.default\">\n\t\t\t\t<div class=\"elementor-widget-container\">\n\t\t\t\t\t\t\t\t\t<p>Wer in die Zukunft blickt, wei\u00df: wir m\u00fcssen alle Anstrengungen unternehmen, um einen Gro\u00dfteil unseres Energieverbrauchs zu vermeiden und den Rest klimaneutral zu erzeugen.<\/p>\t\t\t\t\t\t\t\t<\/div>\n\t\t\t\t<\/div>\n\t\t\t\t\t<\/div>\n\t\t<\/div>\n\t\t\t\t\t<\/div>\n\t\t<\/section>\n\t\t\t\t<section class=\"elementor-section elementor-inner-section elementor-element elementor-element-0efb3a9 elementor-section-boxed elementor-section-height-default elementor-section-height-default\" data-id=\"0efb3a9\" data-element_type=\"section\" data-e-type=\"section\">\n\t\t\t\t\t\t<div class=\"elementor-container elementor-column-gap-default\">\n\t\t\t\t\t<div class=\"elementor-column elementor-col-100 elementor-inner-column elementor-element elementor-element-e66b2f6\" data-id=\"e66b2f6\" data-element_type=\"column\" data-e-type=\"column\">\n\t\t\t<div class=\"elementor-widget-wrap elementor-element-populated\">\n\t\t\t\t\t\t<div class=\"elementor-element elementor-element-6221630 elementor-widget elementor-widget-heading\" data-id=\"6221630\" data-element_type=\"widget\" data-e-type=\"widget\" data-widget_type=\"heading.default\">\n\t\t\t\t<div class=\"elementor-widget-container\">\n\t\t\t\t\t<h2 class=\"elementor-heading-title elementor-size-default\">Was kann die solargeno dazu beitragen?<\/h2>\t\t\t\t<\/div>\n\t\t\t\t<\/div>\n\t\t\t\t<div class=\"elementor-element elementor-element-c8dbdb5 elementor-widget elementor-widget-text-editor\" data-id=\"c8dbdb5\" data-element_type=\"widget\" data-e-type=\"widget\" data-widget_type=\"text-editor.default\">\n\t\t\t\t<div class=\"elementor-widget-container\">\n\t\t\t\t\t\t\t\t\t<p>Stellen Sie uns Ihr Dach zur Verf\u00fcgung, dann errichten wir eine PV-Anlage und k\u00fcmmern uns darum w\u00e4hrend des kompletten Lebenszyklus. Wir \u00fcbernehmen alle b\u00fcrokratischen, organisatorischen und technischen Aufgaben und tragen die wirtschaftlichen Risiken aus dem Betrieb der Solaranlage.<\/p><p>Den Strom aus der Anlage speisen wir in das Geb\u00e4ude ein und in Wohngeb\u00e4uden k\u00fcmmern wir uns auch um den Zusatzstrom f\u00fcr die Zeiten, in denen der Solarstrom nicht ausreicht.<\/p>\t\t\t\t\t\t\t\t<\/div>\n\t\t\t\t<\/div>\n\t\t\t\t\t<\/div>\n\t\t<\/div>\n\t\t\t\t\t<\/div>\n\t\t<\/section>\n\t\t\t\t<section class=\"elementor-section elementor-inner-section elementor-element elementor-element-d7fd2e0 elementor-section-boxed elementor-section-height-default elementor-section-height-default\" data-id=\"d7fd2e0\" data-element_type=\"section\" data-e-type=\"section\">\n\t\t\t\t\t\t<div class=\"elementor-container elementor-column-gap-default\">\n\t\t\t\t\t<div class=\"elementor-column elementor-col-100 elementor-inner-column elementor-element elementor-element-e995cf8\" data-id=\"e995cf8\" data-element_type=\"column\" data-e-type=\"column\">\n\t\t\t<div class=\"elementor-widget-wrap elementor-element-populated\">\n\t\t\t\t\t\t<div class=\"elementor-element elementor-element-144d3f0 elementor-widget elementor-widget-heading\" data-id=\"144d3f0\" data-element_type=\"widget\" data-e-type=\"widget\" data-widget_type=\"heading.default\">\n\t\t\t\t<div class=\"elementor-widget-container\">\n\t\t\t\t\t<h2 class=\"elementor-heading-title elementor-size-default\">Und wie l\u00e4uft das ab?<\/h2>\t\t\t\t<\/div>\n\t\t\t\t<\/div>\n\t\t\t\t<div class=\"elementor-element elementor-element-6f2975e elementor-widget elementor-widget-text-editor\" data-id=\"6f2975e\" data-element_type=\"widget\" data-e-type=\"widget\" data-widget_type=\"text-editor.default\">\n\t\t\t\t<div class=\"elementor-widget-container\">\n\t\t\t\t\t\t\t\t\t<p>F\u00fcllen Sie am besten einfach schonmal das Anfrage-Formular aus: <a href=\"https:\/\/www.solarbuergergenossenschaft.de\/wp-content\/uploads\/2022\/09\/pv_ersterfassung_formular.pdf\">Anfrage-Formular PV (PDF)<\/a> und senden Sie es uns an <a href=\"mailto:info@solargeno.de\">info@solargeno.de<\/a>.<\/p><p>Wir vereinbaren dann mit Ihnen einen Vor-Ort-Termin, bei dem wir das Geb\u00e4ude, Dach und Z\u00e4hlerr\u00e4ume, Stromanschluss usw. besichtigen und besprechen mit Ihnen das Vorhaben. <br \/>Kommt das Projekt zustande, muss ein Dachnutzungsvertrag abgeschlossen werden.<br \/>In einem Wohngeb\u00e4ude freuen wir uns um Unterst\u00fctzung bei der Gewinnung der Bewohner*innen f\u00fcr den Bezug des Mieterstroms.<br \/>F\u00fcr den Allgemeinstrom und mit den teilnehmenden Bewohner*innen schlie\u00dfen wir Stromliefervertr\u00e4ge ab.<\/p><p>Um die Auslegung, Bestellung, Installation und Inbetriebnahme k\u00fcmmern wir uns. Auch um die Erf\u00fcllung der gesetzlichen Anforderungen f\u00fcr einen ordnungsgem\u00e4\u00dfen und sicheren Betrieb. <\/p>\t\t\t\t\t\t\t\t<\/div>\n\t\t\t\t<\/div>\n\t\t\t\t\t<\/div>\n\t\t<\/div>\n\t\t\t\t\t<\/div>\n\t\t<\/section>\n\t\t\t\t<section class=\"elementor-section elementor-inner-section elementor-element elementor-element-1595f6e elementor-section-boxed elementor-section-height-default elementor-section-height-default\" data-id=\"1595f6e\" data-element_type=\"section\" data-e-type=\"section\">\n\t\t\t\t\t\t<div class=\"elementor-container elementor-column-gap-default\">\n\t\t\t\t\t<div class=\"elementor-column elementor-col-100 elementor-inner-column elementor-element elementor-element-49d8ccf\" data-id=\"49d8ccf\" data-element_type=\"column\" data-e-type=\"column\">\n\t\t\t<div class=\"elementor-widget-wrap elementor-element-populated\">\n\t\t\t\t\t\t<div class=\"elementor-element elementor-element-f6d6895 elementor-widget elementor-widget-heading\" data-id=\"f6d6895\" data-element_type=\"widget\" data-e-type=\"widget\" data-widget_type=\"heading.default\">\n\t\t\t\t<div class=\"elementor-widget-container\">\n\t\t\t\t\t<h2 class=\"elementor-heading-title elementor-size-default\">Und das alles zum Nulltarif?<\/h2>\t\t\t\t<\/div>\n\t\t\t\t<\/div>\n\t\t\t\t<div class=\"elementor-element elementor-element-d92078c elementor-widget elementor-widget-text-editor\" data-id=\"d92078c\" data-element_type=\"widget\" data-e-type=\"widget\" data-widget_type=\"text-editor.default\">\n\t\t\t\t<div class=\"elementor-widget-container\">\n\t\t\t\t\t\t\t\t\t<p>Der Klimaschutz erfordert zus\u00e4tzliche Ma\u00dfnahmen, die mit Ihrem Kerngesch\u00e4ft vielleicht nicht viel zu tun haben.<br \/>Kleine und mittlere Unternehmen behandeln daher diese zus\u00e4tzlichen Investitionen gerne nachrangig.<br \/>Auch die Verwaltung von Wohngeb\u00e4uden beinhaltet in der Regel bisher keine energiewirtschaftlichen Aufgaben.<br \/>Da ist es nur naheliegend, dass sich um die Solaranlage und ein Dienstleister k\u00fcmmert, der sich aus den Ertr\u00e4gen selbst finanziert.<\/p><p>Darum bieten wir ein Solarcontracting an, mit vielen Pluspunkten:<\/p><ul><li>Wir finanzieren die Solaranlage.<\/li><li>Daran k\u00f6nnen sich Ihre Kunden und Mitarbeiter oder Mieter und Miteigent\u00fcmer beteiligen.<\/li><li>Durch die Beteiligung identifizieren sie sich mit der Firma oder dem Wohngeb\u00e4ude.<\/li><li>Damit steigt auch ihre Begeisterung und ihr Engagement f\u00fcr Energieeinsparung und Klimaschutz.<\/li><li>Ihre Ressourcen und Ihr Kapital stehen f\u00fcr Ihr Kerngesch\u00e4ft zur Verf\u00fcgung.<\/li><li>Nat\u00fcrlich k\u00f6nnen auch Sie und Ihr Betrieb sich an der Finanzierung beteiligen und so mitprofitieren, an Mitgliederversammlungen teilnehmen und mitbestimmen. In jedem Fall bleibt das Investitionskostenrisiko bei der Genossenschaft.<\/li><\/ul>\t\t\t\t\t\t\t\t<\/div>\n\t\t\t\t<\/div>\n\t\t\t\t\t<\/div>\n\t\t<\/div>\n\t\t\t\t\t<\/div>\n\t\t<\/section>\n\t\t\t\t\t<\/div>\n\t\t<\/div>\n\t\t\t\t\t<\/div>\n\t\t<\/section>\n\t\t\t\t<section class=\"elementor-section elementor-top-section elementor-element elementor-element-3edc3bd elementor-section-boxed elementor-section-height-default elementor-section-height-default\" data-id=\"3edc3bd\" data-element_type=\"section\" data-e-type=\"section\">\n\t\t\t\t\t\t<div class=\"elementor-container elementor-column-gap-default\">\n\t\t\t\t\t<div class=\"elementor-column elementor-col-100 elementor-top-column elementor-element elementor-element-3dcecca\" data-id=\"3dcecca\" data-element_type=\"column\" data-e-type=\"column\">\n\t\t\t<div class=\"elementor-widget-wrap\">\n\t\t\t\t\t\t\t<\/div>\n\t\t<\/div>\n\t\t\t\t\t<\/div>\n\t\t<\/section>\n\t\t\t\t<\/div>\n\t\t","protected":false},"excerpt":{"rendered":"<p>Strom vom Dach f\u00fcr Gewerbe und Wohnbau F\u00fcr den Abschluss eines Stromliefervertrages im Mieterstrommodell wenden Sie sich bitte per Mail direkt an: info@solargeno.de Machen Sie das bitte nicht \u00fcber unsere [&hellip;]<\/p>\n","protected":false},"author":1,"featured_media":0,"parent":0,"menu_order":0,"comment_status":"closed","ping_status":"closed","template":"","meta":{"site-sidebar-layout":"no-sidebar","site-content-layout":"page-builder","ast-site-content-layout":"default","site-content-style":"default","site-sidebar-style":"default","ast-global-header-display":"","ast-banner-title-visibility":"","ast-main-header-display":"","ast-hfb-above-header-display":"","ast-hfb-below-header-display":"","ast-hfb-mobile-header-display":"","site-post-title":"disabled","ast-breadcrumbs-content":"","ast-featured-img":"disabled","footer-sml-layout":"","ast-disable-related-posts":"","theme-transparent-header-meta":"","adv-header-id-meta":"","stick-header-meta":"","header-above-stick-meta":"","header-main-stick-meta":"","header-below-stick-meta":"","astra-migrate-meta-layouts":"default","ast-page-background-enabled":"default","ast-page-background-meta":{"desktop":{"background-color":"var(--ast-global-color-4)","background-image":"","background-repeat":"repeat","background-position":"center center","background-size":"auto","background-attachment":"scroll","background-type":"","background-media":"","overlay-type":"","overlay-color":"","overlay-opacity":"","overlay-gradient":""},"tablet":{"background-color":"","background-image":"","background-repeat":"repeat","background-position":"center center","background-size":"auto","background-attachment":"scroll","background-type":"","background-media":"","overlay-type":"","overlay-color":"","overlay-opacity":"","overlay-gradient":""},"mobile":{"background-color":"","background-image":"","background-repeat":"repeat","background-position":"center center","background-size":"auto","background-attachment":"scroll","background-type":"","background-media":"","overlay-type":"","overlay-color":"","overlay-opacity":"","overlay-gradient":""}},"ast-content-background-meta":{"desktop":{"background-color":"var(--ast-global-color-5)","background-image":"","background-repeat":"repeat","background-position":"center center","background-size":"auto","background-attachment":"scroll","background-type":"","background-media":"","overlay-type":"","overlay-color":"","overlay-opacity":"","overlay-gradient":""},"tablet":{"background-color":"var(--ast-global-color-5)","background-image":"","background-repeat":"repeat","background-position":"center center","background-size":"auto","background-attachment":"scroll","background-type":"","background-media":"","overlay-type":"","overlay-color":"","overlay-opacity":"","overlay-gradient":""},"mobile":{"background-color":"var(--ast-global-color-5)","background-image":"","background-repeat":"repeat","background-position":"center center","background-size":"auto","background-attachment":"scroll","background-type":"","background-media":"","overlay-type":"","overlay-color":"","overlay-opacity":"","overlay-gradient":""}},"footnotes":""},"class_list":["post-23","page","type-page","status-publish","hentry"],"_links":{"self":[{"href":"https:\/\/www.solarbuergergenossenschaft.de\/index.php\/wp-json\/wp\/v2\/pages\/23","targetHints":{"allow":["GET"]}}],"collection":[{"href":"https:\/\/www.solarbuergergenossenschaft.de\/index.php\/wp-json\/wp\/v2\/pages"}],"about":[{"href":"https:\/\/www.solarbuergergenossenschaft.de\/index.php\/wp-json\/wp\/v2\/types\/page"}],"author":[{"embeddable":true,"href":"https:\/\/www.solarbuergergenossenschaft.de\/index.php\/wp-json\/wp\/v2\/users\/1"}],"replies":[{"embeddable":true,"href":"https:\/\/www.solarbuergergenossenschaft.de\/index.php\/wp-json\/wp\/v2\/comments?post=23"}],"version-history":[{"count":40,"href":"https:\/\/www.solarbuergergenossenschaft.de\/index.php\/wp-json\/wp\/v2\/pages\/23\/revisions"}],"predecessor-version":[{"id":1811,"href":"https:\/\/www.solarbuergergenossenschaft.de\/index.php\/wp-json\/wp\/v2\/pages\/23\/revisions\/1811"}],"wp:attachment":[{"href":"https:\/\/www.solarbuergergenossenschaft.de\/index.php\/wp-json\/wp\/v2\/media?parent=23"}],"curies":[{"name":"wp","href":"https:\/\/api.w.org\/{rel}","templated":true}]}}