{"id":346,"date":"2022-09-15T15:15:00","date_gmt":"2022-09-15T13:15:00","guid":{"rendered":"https:\/\/solarbuergergenossenschaft2.benjaminkuerten.de\/?page_id=346"},"modified":"2022-12-19T12:04:53","modified_gmt":"2022-12-19T10:04:53","slug":"beteiligungen-an-wind-und-solar-parks","status":"publish","type":"page","link":"https:\/\/www.solarbuergergenossenschaft.de\/index.php\/beteiligungen-an-wind-und-solar-parks\/","title":{"rendered":"Beteiligungen an Wind- und Solar-Parks"},"content":{"rendered":"\t\t<div data-elementor-type=\"wp-page\" data-elementor-id=\"346\" class=\"elementor elementor-346\">\n\t\t\t\t\t\t<section class=\"elementor-section elementor-top-section elementor-element elementor-element-80b4754 elementor-section-boxed elementor-section-height-default elementor-section-height-default\" data-id=\"80b4754\" data-element_type=\"section\" data-e-type=\"section\">\n\t\t\t\t\t\t<div class=\"elementor-container elementor-column-gap-default\">\n\t\t\t\t\t<div class=\"elementor-column elementor-col-100 elementor-top-column elementor-element elementor-element-1e4b854\" data-id=\"1e4b854\" data-element_type=\"column\" data-e-type=\"column\">\n\t\t\t<div class=\"elementor-widget-wrap elementor-element-populated\">\n\t\t\t\t\t\t<div class=\"elementor-element elementor-element-3e6f5b9 elementor-widget elementor-widget-heading\" data-id=\"3e6f5b9\" data-element_type=\"widget\" data-e-type=\"widget\" data-widget_type=\"heading.default\">\n\t\t\t\t<div class=\"elementor-widget-container\">\n\t\t\t\t\t<h2 class=\"elementor-heading-title elementor-size-default\">Beteiligungen  \nan Wind- und Solar-Parks\n\n<\/h2>\t\t\t\t<\/div>\n\t\t\t\t<\/div>\n\t\t\t\t<div class=\"elementor-element elementor-element-c1c3f8e elementor-widget elementor-widget-accordion\" data-id=\"c1c3f8e\" data-element_type=\"widget\" data-e-type=\"widget\" data-widget_type=\"accordion.default\">\n\t\t\t\t<div class=\"elementor-widget-container\">\n\t\t\t\t\t\t\t<div class=\"elementor-accordion\">\n\t\t\t\t\t\t\t<div class=\"elementor-accordion-item\">\n\t\t\t\t\t<div id=\"elementor-tab-title-2031\" class=\"elementor-tab-title\" data-tab=\"1\" role=\"button\" aria-controls=\"elementor-tab-content-2031\" aria-expanded=\"false\">\n\t\t\t\t\t\t\t\t\t\t\t\t\t<span class=\"elementor-accordion-icon elementor-accordion-icon-left\" aria-hidden=\"true\">\n\t\t\t\t\t\t\t\t\t\t\t\t\t\t\t<span class=\"elementor-accordion-icon-closed\"><i class=\"fas fa-plus\"><\/i><\/span>\n\t\t\t\t\t\t\t\t<span class=\"elementor-accordion-icon-opened\"><i class=\"fas fa-minus\"><\/i><\/span>\n\t\t\t\t\t\t\t\t\t\t\t\t\t\t<\/span>\n\t\t\t\t\t\t\t\t\t\t\t\t<a class=\"elementor-accordion-title\" tabindex=\"0\">Solarpark Solverde<\/a>\n\t\t\t\t\t<\/div>\n\t\t\t\t\t<div id=\"elementor-tab-content-2031\" class=\"elementor-tab-content elementor-clearfix\" data-tab=\"1\" role=\"region\" aria-labelledby=\"elementor-tab-title-2031\"><p>Die solverde B\u00fcrgerkraftwerke Energiegenossenschaft eG (<a href=\"https:\/\/solverde-buergerkraftwerke.de\/\">https:\/\/solverde-buergerkraftwerke.de\/<\/a>) entwickelt Solaranlagen in vertikaler Aufstellung. Diese sind durch ihre F\u00e4higkeit, von beiden Seiten des Moduls Solarenergie einzufangen, mindestens so wirtschaftlich wie herk\u00f6mmliche Freifl\u00e4chenanlagen. Sie erm\u00f6glichen jedoch vielf\u00e4ltigeren landwirtschaftlichen Betrieb. Mehr zu dieser Anlage finden Sie unter\u00a0<a href=\"https:\/\/solverde-buergerkraftwerke.de\/referenzen\/donaueschingen-aasen\">https:\/\/solverde-buergerkraftwerke.de\/referenzen\/donaueschingen-aasen<\/a><\/p><p><img fetchpriority=\"high\" decoding=\"async\" class=\"alignnone wp-image-348 size-full\" src=\"https:\/\/www.solarbuergergenossenschaft.de\/wp-content\/uploads\/2022\/09\/solverde._buergerkraftwerke.jpg\" alt=\"\" width=\"1140\" height=\"671\" srcset=\"https:\/\/www.solarbuergergenossenschaft.de\/wp-content\/uploads\/2022\/09\/solverde._buergerkraftwerke.jpg 1140w, https:\/\/www.solarbuergergenossenschaft.de\/wp-content\/uploads\/2022\/09\/solverde._buergerkraftwerke-300x177.jpg 300w, https:\/\/www.solarbuergergenossenschaft.de\/wp-content\/uploads\/2022\/09\/solverde._buergerkraftwerke-1024x603.jpg 1024w, https:\/\/www.solarbuergergenossenschaft.de\/wp-content\/uploads\/2022\/09\/solverde._buergerkraftwerke-768x452.jpg 768w\" sizes=\"(max-width: 1140px) 100vw, 1140px\" \/><\/p><p><a href=\"https:\/\/solverde-buergerkraftwerke.de\/solarbeteiligung\/\">https:\/\/solverde-buergerkraftwerke.de\/solarbeteiligung\/<\/a><\/p><p>Mit einer Beteiligung von 10.000 Euro aus dem Genossenschaftskapital hat die Solar-B\u00fcrger-Genossenschaft dieses spannende und zukunftsweisende Konzept unterst\u00fctzt.<\/p><p>Machen Sie mit und unterst\u00fctzen Sie die Projekte der solargeno, indem Sie Mitglied in der Genossenschaft werden oder den Genossenschaftsanteil erh\u00f6hen.<\/p><\/div>\n\t\t\t\t<\/div>\n\t\t\t\t\t\t\t<div class=\"elementor-accordion-item\">\n\t\t\t\t\t<div id=\"elementor-tab-title-2032\" class=\"elementor-tab-title\" data-tab=\"2\" role=\"button\" aria-controls=\"elementor-tab-content-2032\" aria-expanded=\"false\">\n\t\t\t\t\t\t\t\t\t\t\t\t\t<span class=\"elementor-accordion-icon elementor-accordion-icon-left\" aria-hidden=\"true\">\n\t\t\t\t\t\t\t\t\t\t\t\t\t\t\t<span class=\"elementor-accordion-icon-closed\"><i class=\"fas fa-plus\"><\/i><\/span>\n\t\t\t\t\t\t\t\t<span class=\"elementor-accordion-icon-opened\"><i class=\"fas fa-minus\"><\/i><\/span>\n\t\t\t\t\t\t\t\t\t\t\t\t\t\t<\/span>\n\t\t\t\t\t\t\t\t\t\t\t\t<a class=\"elementor-accordion-title\" tabindex=\"0\">B\u00fcrgerwind Lahr<\/a>\n\t\t\t\t\t<\/div>\n\t\t\t\t\t<div id=\"elementor-tab-content-2032\" class=\"elementor-tab-content elementor-clearfix\" data-tab=\"2\" role=\"region\" aria-labelledby=\"elementor-tab-title-2032\"><p>Nach unserer Beteiligung am B\u00fcrgerwindpark bei Biederbach im 2018 freuen wir uns, dass ein weiteres Projekt, das B\u00fcrgerbeteiligung erm\u00f6glicht, den Zuschlag erhalten hat.<br \/>Diesmal geht es um ein Repowering-Projekt auf dem Langenhard zwischen Lahr und Seelbach.<br \/>Die Enercon E138 wird das Vierfache an Strom produzieren gegen\u00fcber der Altanlage aus dem Jahr 2005, die durch einen Brand zerst\u00f6rt wurde.<br \/>Die Windkraftanlage (WKA) wird durch die B\u00fcrgerwind Lahr 2 GmbH &amp; Co. KG; HRA 703496 RG Freiburg, Herrenstr. 45 79098 Freiburg, vertreten durch die Komplement\u00e4rinnen ecovision GmbH und OekoGeno Projekt GmbH finanziert und betrieben.<br \/>F\u00fcr die Finanzierung wurden Nachrangdarlehen an regionale B\u00fcrger-Energiegenossenschaften vergeben. Die Solar-B\u00fcrger-Genossenschaft beteiligte sich daran mit 50 TEuro, die aus Nachrangdarlehen ihrer Mitglieder und neuen Genossenschaftsanteilen finanziert wurden.<\/p><p>Im September 2020 erhielt die ecovision GmbH die BIMSchG-Genehmigung vom Landratsamt Ortenau. In der Ausschreibung vom 1. Oktober 2020 wurde dem Projekt der Zuschlag erteilt.<\/p><p>Mit dem Bau wurde Ende 2020 begonnen und die Inbetriebnahme ist bis Ende 2021 vorgesehen.<\/p><h4>Technische Daten der geplanten Anlage<\/h4><table><tbody><tr><td><p>Hersteller<\/p><\/td><td><p>\u00a0ENERCON GmbH, Aurich<\/p><\/td><\/tr><tr><td><p>Typ<\/p><\/td><td><p>\u00a0ENERCON E-138<\/p><\/td><\/tr><tr><td><p>Anlagenkonzept<\/p><\/td><td><p>\u00a0getriebelos, variable Drehzahl<\/p><\/td><\/tr><tr><td><p>Nennleistung<\/p><\/td><td><p>\u00a04.200 kW<\/p><\/td><\/tr><tr><td><p>Nabenh\u00f6he<\/p><\/td><td><p>\u00a0160 m<\/p><\/td><\/tr><tr><td><p>Rotordurchmesser<\/p><\/td><td><p>\u00a0138 m<\/p><\/td><\/tr><tr><td><p>Gesamth\u00f6he<\/p><\/td><td><p>\u00a0229 m<\/p><\/td><\/tr><tr><td><p>Einschaltgeschwindigkeit<\/p><\/td><td><p>\u00a02,5 m\/s<\/p><\/td><\/tr><tr><td><p>Abschaltgeschwindigkeit<\/p><\/td><td><p>\u00a034 m\/s<\/p><\/td><\/tr><\/tbody><\/table><\/div>\n\t\t\t\t<\/div>\n\t\t\t\t\t\t\t<div class=\"elementor-accordion-item\">\n\t\t\t\t\t<div id=\"elementor-tab-title-2033\" class=\"elementor-tab-title\" data-tab=\"3\" role=\"button\" aria-controls=\"elementor-tab-content-2033\" aria-expanded=\"false\">\n\t\t\t\t\t\t\t\t\t\t\t\t\t<span class=\"elementor-accordion-icon elementor-accordion-icon-left\" aria-hidden=\"true\">\n\t\t\t\t\t\t\t\t\t\t\t\t\t\t\t<span class=\"elementor-accordion-icon-closed\"><i class=\"fas fa-plus\"><\/i><\/span>\n\t\t\t\t\t\t\t\t<span class=\"elementor-accordion-icon-opened\"><i class=\"fas fa-minus\"><\/i><\/span>\n\t\t\t\t\t\t\t\t\t\t\t\t\t\t<\/span>\n\t\t\t\t\t\t\t\t\t\t\t\t<a class=\"elementor-accordion-title\" tabindex=\"0\">B\u00fcrgerwindpark Biederbach<\/a>\n\t\t\t\t\t<\/div>\n\t\t\t\t\t<div id=\"elementor-tab-content-2033\" class=\"elementor-tab-content elementor-clearfix\" data-tab=\"3\" role=\"region\" aria-labelledby=\"elementor-tab-title-2033\"><p>Die Solar-B\u00fcrger-Genossenschaft eG setzt sich f\u00fcr eine regionale Energiewende mit Erneuerbaren Energien, Energieeffizienz und effizienter Energienutzung ein. Einer Stadt wie Freiburg stehen als Erneuerbare Energien im Wesentlichen Solarenergie und Biogas aus Abf\u00e4llen zur Verf\u00fcgung. F\u00fcr Wind- und Wasserkraft gibt es hier vergleichsweise wenig Raum. Daher sind St\u00e4dte immer auch auf Energie aus dem Umland angewiesen. Da die Energieproduktion den l\u00e4ndlichen Raum st\u00e4rkt, ergibt sich f\u00fcr beide Seiten ein Gewinn.<br \/>Aus diesem Grund beteiligt sich die Solar-B\u00fcrger-Genossenschaft zus\u00e4tzlich zu ihren innerst\u00e4dtischen Aktivit\u00e4ten an Erneuerbaren Energieanlagen wie Wind- und Solarparks auf dem Land.<br \/>In der Gemeinde Biederbach, Landkreis Emmendingen, entstehen auf dem Rotzeleck, der an die Gemeinden Freiamt und Schuttertal grenzt, auf einer H\u00f6he zwischen 663 und 727 m \u00fc. NN drei Windenergieanlagen des deutschen Marktf\u00fchrers ENERCON. Es werden Anlagen der Typen E-92, E-103 und E-138 errichtet mit einer Gesamtleistung von 8,9 MW.<br \/>Der Windpark wurde von Anfang an als B\u00fcrgerbeteiligungsprojekt geplant, an dem sich B\u00fcrgerenergiegenossenschaften aus der Region beteiligen.<\/p><p>Auf der Basis von zwei Windgutachten werden unter Ber\u00fccksichtigung von etwaigen Betriebsbeschr\u00e4nkungen (Fledermaus, Schattenwurf), etwaigen Ausf\u00e4llen, Parkeffekten und sonstigen Verlusten (Enteisung) Ertr\u00e4ge zwischen 19,1 und 19,7 GWh pro Jahr prognostiziert.<\/p><p>Die Investitionssumme von 11,1 Mio. Euro wird \u00fcber ein Bankdarlehen in H\u00f6he von 8,1 Mio. Euro, dem Kommanditkapital in H\u00f6he von 0,3 Mio. Euro und den Nachrangdarlehen der regionalen Energiegenossenschaften in H\u00f6he von zusammen 2,7 Mio. Euro finanziert. Darin \u00fcbernahm die B\u00fcrgerEnergiegenossenschaft Biederbach &amp; Elztal eG, die Genossenschaft vor Ort, den gr\u00f6\u00dften Anteil. Die Solar-B\u00fcrger-Genossenschaft hat sich mit 106.000 Euro aus Genossenschaftsanteilen und Mitgliederdarlehen beteiligt.<\/p><p>Bei einer Besichtigung im Oktober 2019 konnten f\u00fcr die ersten beiden Anlagen bereits jeweils ein gro\u00dfer Teil des Mastes bewundert werden, Fl\u00fcgel und Kapsel lagen am Boden bereit.<\/p><p><img decoding=\"async\" class=\"aligncenter wp-image-352 size-full\" src=\"https:\/\/www.solarbuergergenossenschaft.de\/wp-content\/uploads\/2022\/09\/2019-wind-bwb2.jpg\" alt=\"\" width=\"614\" height=\"346\" srcset=\"https:\/\/www.solarbuergergenossenschaft.de\/wp-content\/uploads\/2022\/09\/2019-wind-bwb2.jpg 614w, https:\/\/www.solarbuergergenossenschaft.de\/wp-content\/uploads\/2022\/09\/2019-wind-bwb2-300x169.jpg 300w\" sizes=\"(max-width: 614px) 100vw, 614px\" \/> <img decoding=\"async\" class=\"wp-image-353 size-full alignright\" src=\"https:\/\/www.solarbuergergenossenschaft.de\/wp-content\/uploads\/2022\/09\/2019-wind-bwb3.jpg\" alt=\"\" width=\"346\" height=\"614\" srcset=\"https:\/\/www.solarbuergergenossenschaft.de\/wp-content\/uploads\/2022\/09\/2019-wind-bwb3.jpg 346w, https:\/\/www.solarbuergergenossenschaft.de\/wp-content\/uploads\/2022\/09\/2019-wind-bwb3-169x300.jpg 169w\" sizes=\"(max-width: 346px) 100vw, 346px\" \/><\/p><p>Ende November 2019 standen bereits zwei der drei Anlagen, der Innenausbau folgte im Dezember. F\u00fcr die dritte Anlage wurde das Fundament gegossen, der weitere Ausbau erfolgt im Fr\u00fchjahr 2020.<\/p><p>Das Greenpeace-Magazin brachte in der Ausgabe 1\/20 einen Beitrag von Bernward Janzing \u00fcber den Zustand der Energiewende, in dem der Windpark erw\u00e4hnt ist.<\/p><p><a href=\"https:\/\/www.greenpeace-magazin.de\/inhaltsverzeichnis-120\" target=\"_blank\" rel=\"noopener\">Greenpeace: Energie f\u00fcr Germany<\/a><\/p><p>Machen Sie mit und unterst\u00fctzen Sie die Projekte der solargeno, indem Sie Mitglied in der Genossenschaft werden oder den Genossenschaftsanteil erh\u00f6hen.<\/p><\/div>\n\t\t\t\t<\/div>\n\t\t\t\t\t\t\t\t<\/div>\n\t\t\t\t\t\t<\/div>\n\t\t\t\t<\/div>\n\t\t\t\t\t<\/div>\n\t\t<\/div>\n\t\t\t\t\t<\/div>\n\t\t<\/section>\n\t\t\t\t<\/div>\n\t\t","protected":false},"excerpt":{"rendered":"<p>Beteiligungen an Wind- und Solar-Parks Solarpark Solverde Die solverde B\u00fcrgerkraftwerke Energiegenossenschaft eG (https:\/\/solverde-buergerkraftwerke.de\/) entwickelt Solaranlagen in vertikaler Aufstellung. Diese sind durch ihre F\u00e4higkeit, von beiden Seiten des Moduls Solarenergie einzufangen, [&hellip;]<\/p>\n","protected":false},"author":1,"featured_media":0,"parent":0,"menu_order":0,"comment_status":"closed","ping_status":"closed","template":"","meta":{"site-sidebar-layout":"no-sidebar","site-content-layout":"page-builder","ast-site-content-layout":"default","site-content-style":"default","site-sidebar-style":"default","ast-global-header-display":"","ast-banner-title-visibility":"","ast-main-header-display":"","ast-hfb-above-header-display":"","ast-hfb-below-header-display":"","ast-hfb-mobile-header-display":"","site-post-title":"disabled","ast-breadcrumbs-content":"","ast-featured-img":"disabled","footer-sml-layout":"","ast-disable-related-posts":"","theme-transparent-header-meta":"","adv-header-id-meta":"","stick-header-meta":"","header-above-stick-meta":"","header-main-stick-meta":"","header-below-stick-meta":"","astra-migrate-meta-layouts":"default","ast-page-background-enabled":"default","ast-page-background-meta":{"desktop":{"background-color":"var(--ast-global-color-4)","background-image":"","background-repeat":"repeat","background-position":"center center","background-size":"auto","background-attachment":"scroll","background-type":"","background-media":"","overlay-type":"","overlay-color":"","overlay-opacity":"","overlay-gradient":""},"tablet":{"background-color":"","background-image":"","background-repeat":"repeat","background-position":"center center","background-size":"auto","background-attachment":"scroll","background-type":"","background-media":"","overlay-type":"","overlay-color":"","overlay-opacity":"","overlay-gradient":""},"mobile":{"background-color":"","background-image":"","background-repeat":"repeat","background-position":"center center","background-size":"auto","background-attachment":"scroll","background-type":"","background-media":"","overlay-type":"","overlay-color":"","overlay-opacity":"","overlay-gradient":""}},"ast-content-background-meta":{"desktop":{"background-color":"var(--ast-global-color-5)","background-image":"","background-repeat":"repeat","background-position":"center center","background-size":"auto","background-attachment":"scroll","background-type":"","background-media":"","overlay-type":"","overlay-color":"","overlay-opacity":"","overlay-gradient":""},"tablet":{"background-color":"var(--ast-global-color-5)","background-image":"","background-repeat":"repeat","background-position":"center center","background-size":"auto","background-attachment":"scroll","background-type":"","background-media":"","overlay-type":"","overlay-color":"","overlay-opacity":"","overlay-gradient":""},"mobile":{"background-color":"var(--ast-global-color-5)","background-image":"","background-repeat":"repeat","background-position":"center center","background-size":"auto","background-attachment":"scroll","background-type":"","background-media":"","overlay-type":"","overlay-color":"","overlay-opacity":"","overlay-gradient":""}},"footnotes":""},"class_list":["post-346","page","type-page","status-publish","hentry"],"_links":{"self":[{"href":"https:\/\/www.solarbuergergenossenschaft.de\/index.php\/wp-json\/wp\/v2\/pages\/346","targetHints":{"allow":["GET"]}}],"collection":[{"href":"https:\/\/www.solarbuergergenossenschaft.de\/index.php\/wp-json\/wp\/v2\/pages"}],"about":[{"href":"https:\/\/www.solarbuergergenossenschaft.de\/index.php\/wp-json\/wp\/v2\/types\/page"}],"author":[{"embeddable":true,"href":"https:\/\/www.solarbuergergenossenschaft.de\/index.php\/wp-json\/wp\/v2\/users\/1"}],"replies":[{"embeddable":true,"href":"https:\/\/www.solarbuergergenossenschaft.de\/index.php\/wp-json\/wp\/v2\/comments?post=346"}],"version-history":[{"count":23,"href":"https:\/\/www.solarbuergergenossenschaft.de\/index.php\/wp-json\/wp\/v2\/pages\/346\/revisions"}],"predecessor-version":[{"id":805,"href":"https:\/\/www.solarbuergergenossenschaft.de\/index.php\/wp-json\/wp\/v2\/pages\/346\/revisions\/805"}],"wp:attachment":[{"href":"https:\/\/www.solarbuergergenossenschaft.de\/index.php\/wp-json\/wp\/v2\/media?parent=346"}],"curies":[{"name":"wp","href":"https:\/\/api.w.org\/{rel}","templated":true}]}}