{"id":372,"date":"2022-09-15T15:23:00","date_gmt":"2022-09-15T13:23:00","guid":{"rendered":"https:\/\/solarbuergergenossenschaft2.benjaminkuerten.de\/?page_id=372"},"modified":"2024-07-11T08:54:34","modified_gmt":"2024-07-11T06:54:34","slug":"scolargeno-erste-schueler-solar-genossenschaft-gegruendet","status":"publish","type":"page","link":"https:\/\/www.solarbuergergenossenschaft.de\/index.php\/scolargeno-erste-schueler-solar-genossenschaft-gegruendet\/","title":{"rendered":"ScOLARGeno Erste Sch\u00fcler-Solar-Genossenschaft gegr\u00fcndet"},"content":{"rendered":"\t\t<div data-elementor-type=\"wp-page\" data-elementor-id=\"372\" class=\"elementor elementor-372\">\n\t\t\t\t\t\t<section class=\"elementor-section elementor-top-section elementor-element elementor-element-24ca8fd1 elementor-section-boxed elementor-section-height-default elementor-section-height-default\" data-id=\"24ca8fd1\" data-element_type=\"section\" data-e-type=\"section\">\n\t\t\t\t\t\t<div class=\"elementor-container elementor-column-gap-default\">\n\t\t\t\t\t<div class=\"elementor-column elementor-col-100 elementor-top-column elementor-element elementor-element-a0661e4\" data-id=\"a0661e4\" data-element_type=\"column\" data-e-type=\"column\">\n\t\t\t<div class=\"elementor-widget-wrap elementor-element-populated\">\n\t\t\t\t\t\t<div class=\"elementor-element elementor-element-b9d1bc9 elementor-widget elementor-widget-heading\" data-id=\"b9d1bc9\" data-element_type=\"widget\" data-e-type=\"widget\" data-widget_type=\"heading.default\">\n\t\t\t\t<div class=\"elementor-widget-container\">\n\t\t\t\t\t<h2 class=\"elementor-heading-title elementor-size-default\">Erste Sch\u00fcler-Solar-Genossenschaft gegr\u00fcndet<\/h2>\t\t\t\t<\/div>\n\t\t\t\t<\/div>\n\t\t\t\t<div class=\"elementor-element elementor-element-028499d elementor-widget elementor-widget-text-editor\" data-id=\"028499d\" data-element_type=\"widget\" data-e-type=\"widget\" data-widget_type=\"text-editor.default\">\n\t\t\t\t<div class=\"elementor-widget-container\">\n\t\t\t\t\t\t\t\t\t<p><strong>Am 8. Mai 2018 war es endlich soweit: Die Sch\u00fcler der 11. Klasse am Gymnasium des Freiburger Montessori-Zentrums Angell hatten zur Gr\u00fcndungsversammlung der SolA(r)ngell eingeladen \u2013 der ersten Sch\u00fcler-Solar-Genossenschaft \u00fcberhaupt in Deutschland, in der die Sch\u00fcler eine eigene und reale PV-Anlage planen, umsetzen und langfristig in der Organisationsform einer Genossenschaft betreiben.<br \/><\/strong><\/p>\t\t\t\t\t\t\t\t<\/div>\n\t\t\t\t<\/div>\n\t\t\t\t<div class=\"elementor-element elementor-element-3dce940 elementor-widget elementor-widget-image\" data-id=\"3dce940\" data-element_type=\"widget\" data-e-type=\"widget\" data-widget_type=\"image.default\">\n\t\t\t\t<div class=\"elementor-widget-container\">\n\t\t\t\t\t\t\t\t\t\t\t\t\t\t\t<img decoding=\"async\" width=\"255\" height=\"104\" src=\"https:\/\/www.solarbuergergenossenschaft.de\/wp-content\/uploads\/2022\/09\/Logo.jpg\" class=\"attachment-large size-large wp-image-374\" alt=\"\" \/>\t\t\t\t\t\t\t\t\t\t\t\t\t\t\t<\/div>\n\t\t\t\t<\/div>\n\t\t\t\t<div class=\"elementor-element elementor-element-81c3c2c elementor-widget elementor-widget-text-editor\" data-id=\"81c3c2c\" data-element_type=\"widget\" data-e-type=\"widget\" data-widget_type=\"text-editor.default\">\n\t\t\t\t<div class=\"elementor-widget-container\">\n\t\t\t\t\t\t\t\t\t<p>\u201eWir m\u00f6chten vor allem zeigen, wie einfach es ist, seinen Beitrag zum Umweltschutz zu leisten: Wir sind hier neun Sch\u00fcler und Sch\u00fclerinnen und gr\u00fcnden gerade eine Energiegenossenschaft, die Solaranlagen installieren und betreiben wird! Das zeigt doch: Jeder kann so etwas initiieren oder sich \u00fcber eine Genossenschaft daran beteiligen\u201c, beschreibt einer der Initiatoren in seinem Vortrag w\u00e4hrend der Gr\u00fcndungsversammlung die Motivation der Elftkl\u00e4ssler.<\/p><p>Ein Semester lang haben die Jugendlichen wirtschaftliche und rechtliche Aspekte sowohl in Bezug auf den Betrieb von Solarstromanlagen als auch in Bezug auf das Genossenschaftswesen studiert. Gleichzeitig suchten sie nach D\u00e4chern und nahmen daf\u00fcr Kontakte zu Gewerbebetrieben auf. Anhand einer frisch installierten Solaranlage der Freiburger Solar-B\u00fcrger-Genossenschaft eG konnten sie anschaulich die Funktionsweise und die Komponenten einer solchen Anlage kennenlernen. Der Seminarkurs Nachhaltiges Wirtschaften, der vom Unternehmensgr\u00fcn e.V. durchgef\u00fchrt wurde, konnte thematisch perfekt eingegliedert werden. Mit all diesem R\u00fcstzeug erstellten sie schlie\u00dflich den f\u00fcr die Gr\u00fcndung und Anmeldung zum Genossenschaftsverband erforderlichen Businessplan. Auch die \u00d6ffentlichkeitsarbeit ist beim Gr\u00fcndungsteam in besten H\u00e4nden. So gibt es bereits auf dem YouTube-Kanal \u201eSolA-r-ngell Genossenschaft\u201c ein erstes Info-Video.<\/p>\t\t\t\t\t\t\t\t<\/div>\n\t\t\t\t<\/div>\n\t\t\t\t<div class=\"elementor-element elementor-element-23269c8 elementor-widget elementor-widget-text-editor\" data-id=\"23269c8\" data-element_type=\"widget\" data-e-type=\"widget\" data-widget_type=\"text-editor.default\">\n\t\t\t\t<div class=\"elementor-widget-container\">\n\t\t\t\t\t\t\t\t\t<div id=\"ndk-main\" class=\"container-fluid\">\n<div class=\"row\">\n<div id=\"ndk-component\" class=\"col-sm-8 col-lg-9\">\n<p><\/p><main class=\"main\"><p><\/p>\n<div id=\"content\" class=\"container-fluid\">\n<div class=\"row\">\n<div class=\"content-area com_content col-sm-12\">\n<div class=\"section\" aria-label=\"Projekt Sch\u00fcler-Energiegenossenschaft\">\n<div class=\"item-page clearfix\">\n<article>\n<div class=\"article-content item clearfix\">\n<h4><strong>Idee und Konzept<\/strong><\/h4>\n<p>Der fesa e.V. mit Felix Hollerbach als Projektleiter Klimaschutzp\u00e4dagogik und die Solar-B\u00fcrger-Genossenschaft eG mit Burghard Flieger als Genossenschaftsexperte riefen das Projekt im vergangenen Herbst gemeinsam mit der Montessori-Schule ins Leben. Die Idee passt zum Montessori-Zentrum Angell wie die Solaranlage aufs Dach: Umwelt- und Klimaschutz sowie Energiewende geh\u00f6ren hier schon lange zum Schulalltag, erl\u00e4utert die Projektbetreuerin. \u00dcber Projekte, Aktionen und Unterrichtseinheiten zu Klimawandel und Energiesparen gibt es f\u00fcr die Sch\u00fcler viele spannende M\u00f6glichkeiten, sich mit dem Themenkomplex aktiv auseinanderzusetzen. Mit der Gr\u00fcndung einer Energiegenossenschaft f\u00fcgen sich nun die Themen Nachhaltigkeit und modernes soziales und gemeinschaftliches Wirtschaften f\u00fcr die JungunternehmerInnen zusammen.<\/p>\n<p>Ganz einfach ist es allerdings f\u00fcr Jugendliche nicht, ein handlungsf\u00e4higes Unternehmen auf die Beine zu stellen. Noch minderj\u00e4hrig, k\u00f6nnen sie nicht eigenverantwortlich Vertr\u00e4ge unterzeichnen und daher kaum unternehmerisch t\u00e4tig sein. Hinzu kommt, dass die Gr\u00fcnderInnen vielleicht bald in alle Winde verstreut sein werden. Burghard Flieger entwickelte zusammen mit dem PkmG* daher das Konzept einer Kooperation zwischen Sch\u00fclergenossenschaft und einer Partnergenossenschaft, hier der Solar-B\u00fcrger-Genossenschaft eG, das die Sch\u00fcler von Haftungsrisiken entlastet und einen langfristigen Betrieb der Anlagen sichert. Ein Anlagenpachtvertrag \u00fcbertr\u00e4gt der Sch\u00fclergenossenschaft die Rechte zur Verwaltung, zum Betrieb und an den Ertr\u00e4gen der Anlage. Die Sch\u00fcler sammeln Eigenkapital \u00fcber Mitgliedschaften und geben der Partnergenossenschaft ein Darlehen, um die PV-Anlage zu kaufen. Die Erl\u00f6se aus der Anlage gehen an die Sch\u00fcler, die daraus ihre Aufwendungen finanzieren. So sind sowohl die Partnergenossenschaft als auch die Jugendlichen rechtlich abgesichert.<\/p>\n<p>Gleichzeitig liegen alle M\u00f6glichkeiten der genossenschaftlichen Organisation und die Entscheidungshoheit bei den Sch\u00fclern, ebenso wie die Verantwortung f\u00fcr den laufenden Betrieb. Sie werden sich um das Monitoring und die Instandhaltung der PV-Anlage k\u00fcmmern \u2013 selbstverst\u00e4ndlich immer mit enger Unterst\u00fctzung der Partnergenossenschaft. Die Partnergenossenschaft kann die Anlage unkompliziert \u00fcbernehmen, sollte die Sch\u00fclergenossenschaft einmal nicht mehr bestehen.<\/p>\n<p>\u00dcber monatliche Treffen bleiben fesa und Solar-B\u00fcrger-Genossenschaft als Berater und Gremienmitglieder in der Sch\u00fclergenossenschaft aktiv und k\u00f6nnen bei Problemen weiterhelfen, ebenso wie Vertreter der Elternschaft und des Kollegiums der Schule. Im Idealfall projektieren die nachfolgenden Sch\u00fclergenerationen weitere Solaranlagen, so dass sich eine lebendige dauerhafte Sch\u00fclergenossenschaft an der Schule etabliert.<\/p>\n<p><img decoding=\"async\" src=\"https:\/\/www.solarbuergergenossenschaft.de\/images\/ScOLARGeno\/projektteam_scolargeno.jpg\" alt=\"projektteam scolargeno\"><\/p>\n<address>Wollen Zeichen setzen: das Projektteam (Sabrina Swifka-Kov\u00e1cs, Burghard Flieger, Nua Huber, Fl\u00f3ra Dreher, Leo Heinze, Anna Josefski, Tim Binder, Julius K\u00f6pfer, Alexander Komorov, Silas Erdmann, Felix Hollerbach)<\/address>\n<h4>Sonne sucht Dach<\/h4>\n<p>Nachdem die Genossenschaft nun ihre Gr\u00fcndungsversammlung erfolgreich abgehalten hat, ist sie als SolA(r)ngell eG i.G. (in Gr\u00fcndung) handlungsf\u00e4hig. Viele D\u00e4cher in Freiburg sind noch ungenutzt und kommen f\u00fcr eine Solaranlage in Frage. Wo der Stromverbrauch vor allem tags\u00fcber stattfindet, wie in gewerblichen und B\u00fcro-Geb\u00e4uden oder auch in kommunalen Immobilien und Landesliegenschaften, Mensen, Universit\u00e4tsgeb\u00e4uden und Instituten, kann eine Solaranlage besonders effektiv zur Dekarbonisierung des Stromsystems beitragen. Aber auch Lebensmittelm\u00e4rkte, deren Strombedarf wegen ihrer K\u00fchlregale im Sommer steigt, passen perfekt zum Lastgang einer Solaranlage.<\/p>\n<p>Die Nutzung st\u00e4dtischer D\u00e4cher durch genossenschaftlich organisierte Contractoren k\u00f6nnte auch die Stadt Freiburg bei ihrem Decarbonisierungsvorhaben ma\u00dfgeblich voranbringen. Gleichzeitig kann die Stadt hier ein partizipatives Jungunternehmen unterst\u00fctzen, indem sie ihm ein Dach \u00fcberl\u00e4sst.<\/p>\n<h4>Nachahmer gesucht<\/h4>\n<p>Die Sch\u00fcler-Genossenschaft am Montessori Zentrum Angell soll nicht alleine bleiben. Die Initiatoren wollen das Konzept nach einer Evaluation weiteren Schulen anbieten und systematisch ein Netzwerk aus Sch\u00fclerenergiegenossenschaften in S\u00fcdbaden aufbauen. Zu diesem Zweck wird das Konzept mit seinen Bausteinen so weiterentwickelt, dass es sich an jeder Schule mit einer Oberstufe umsetzen l\u00e4sst. Ziel ist, diese Form des Lernens anhand eines konkreten gemeinschaftsorientieren Praxisprojekts zu einem \u00fcberall reproduzierbaren Modellansatz auszuarbeiten. Dieser kann dann nicht nur in Deutschland, sondern in m\u00f6glichst vielen europ\u00e4ischen L\u00e4ndern f\u00fcr die Heranf\u00fchrung von Sch\u00fclern an nachhaltiges Wirtschaften genutzt werden. fesa e.V. und Solar-B\u00fcrger-Genossenschaft eG haben zu diesem Zweck einen Projektantrag bei Horizonte 2020 eingereicht.<\/p>\n<h4>Kontakt<\/h4>\n<p>Wer Ideen f\u00fcr Dachangebote hat oder das Konzept auch f\u00fcr weitere Schulen nutzen m\u00f6chte, kann sich an die Sch\u00fclergenossenschaft \u00fcber&nbsp;<span id=\"cloakd2199752adba8209e56becfd3981936b\"><a href=\"mailto:solar-angell@gmx.de\">solar-angell@gmx.de<\/a><\/span>&nbsp;oder an den fesa e.V. wenden:&nbsp;<span id=\"cloak25aef7d1d6e7435d29017c7f43cdb783\"><a href=\"mailto:hollerbach@fesa.de\">hollerbach@fesa.de<\/a><\/span>.<\/p>\n<h4>Weitere Infos und Materialien gibt es bei fesa e.V.:<\/h4>\n<p><a href=\"https:\/\/www.fesa.de\/freiburg\/projekte\/paedagogische-projekte\/scolargeno\/\" target=\"_blank\" rel=\"noopener\">https:\/\/www.fesa.de\/freiburg\/projekte\/paedagogische-projekte\/scolarge<\/a><\/p>\n<\/div>\n<\/article>\n<\/div>\n<\/div>\n<\/div>\n<\/div>\n<\/div>\n<p><\/p><\/main><\/div>\n<\/div>\n<\/div>\t\t\t\t\t\t\t\t<\/div>\n\t\t\t\t<\/div>\n\t\t\t\t\t<\/div>\n\t\t<\/div>\n\t\t\t\t\t<\/div>\n\t\t<\/section>\n\t\t\t\t<\/div>\n\t\t","protected":false},"excerpt":{"rendered":"<p>Erste Sch\u00fcler-Solar-Genossenschaft gegr\u00fcndet Am 8. Mai 2018 war es endlich soweit: Die Sch\u00fcler der 11. Klasse am Gymnasium des Freiburger Montessori-Zentrums Angell hatten zur Gr\u00fcndungsversammlung der SolA(r)ngell eingeladen \u2013 der [&hellip;]<\/p>\n","protected":false},"author":1,"featured_media":0,"parent":0,"menu_order":0,"comment_status":"closed","ping_status":"closed","template":"","meta":{"site-sidebar-layout":"default","site-content-layout":"","ast-site-content-layout":"default","site-content-style":"default","site-sidebar-style":"default","ast-global-header-display":"","ast-banner-title-visibility":"","ast-main-header-display":"","ast-hfb-above-header-display":"","ast-hfb-below-header-display":"","ast-hfb-mobile-header-display":"","site-post-title":"disabled","ast-breadcrumbs-content":"","ast-featured-img":"","footer-sml-layout":"","ast-disable-related-posts":"","theme-transparent-header-meta":"","adv-header-id-meta":"","stick-header-meta":"","header-above-stick-meta":"","header-main-stick-meta":"","header-below-stick-meta":"","astra-migrate-meta-layouts":"default","ast-page-background-enabled":"default","ast-page-background-meta":{"desktop":{"background-color":"var(--ast-global-color-4)","background-image":"","background-repeat":"repeat","background-position":"center center","background-size":"auto","background-attachment":"scroll","background-type":"","background-media":"","overlay-type":"","overlay-color":"","overlay-opacity":"","overlay-gradient":""},"tablet":{"background-color":"","background-image":"","background-repeat":"repeat","background-position":"center center","background-size":"auto","background-attachment":"scroll","background-type":"","background-media":"","overlay-type":"","overlay-color":"","overlay-opacity":"","overlay-gradient":""},"mobile":{"background-color":"","background-image":"","background-repeat":"repeat","background-position":"center center","background-size":"auto","background-attachment":"scroll","background-type":"","background-media":"","overlay-type":"","overlay-color":"","overlay-opacity":"","overlay-gradient":""}},"ast-content-background-meta":{"desktop":{"background-color":"var(--ast-global-color-5)","background-image":"","background-repeat":"repeat","background-position":"center center","background-size":"auto","background-attachment":"scroll","background-type":"","background-media":"","overlay-type":"","overlay-color":"","overlay-opacity":"","overlay-gradient":""},"tablet":{"background-color":"var(--ast-global-color-5)","background-image":"","background-repeat":"repeat","background-position":"center center","background-size":"auto","background-attachment":"scroll","background-type":"","background-media":"","overlay-type":"","overlay-color":"","overlay-opacity":"","overlay-gradient":""},"mobile":{"background-color":"var(--ast-global-color-5)","background-image":"","background-repeat":"repeat","background-position":"center center","background-size":"auto","background-attachment":"scroll","background-type":"","background-media":"","overlay-type":"","overlay-color":"","overlay-opacity":"","overlay-gradient":""}},"footnotes":""},"class_list":["post-372","page","type-page","status-publish","hentry"],"_links":{"self":[{"href":"https:\/\/www.solarbuergergenossenschaft.de\/index.php\/wp-json\/wp\/v2\/pages\/372","targetHints":{"allow":["GET"]}}],"collection":[{"href":"https:\/\/www.solarbuergergenossenschaft.de\/index.php\/wp-json\/wp\/v2\/pages"}],"about":[{"href":"https:\/\/www.solarbuergergenossenschaft.de\/index.php\/wp-json\/wp\/v2\/types\/page"}],"author":[{"embeddable":true,"href":"https:\/\/www.solarbuergergenossenschaft.de\/index.php\/wp-json\/wp\/v2\/users\/1"}],"replies":[{"embeddable":true,"href":"https:\/\/www.solarbuergergenossenschaft.de\/index.php\/wp-json\/wp\/v2\/comments?post=372"}],"version-history":[{"count":12,"href":"https:\/\/www.solarbuergergenossenschaft.de\/index.php\/wp-json\/wp\/v2\/pages\/372\/revisions"}],"predecessor-version":[{"id":1516,"href":"https:\/\/www.solarbuergergenossenschaft.de\/index.php\/wp-json\/wp\/v2\/pages\/372\/revisions\/1516"}],"wp:attachment":[{"href":"https:\/\/www.solarbuergergenossenschaft.de\/index.php\/wp-json\/wp\/v2\/media?parent=372"}],"curies":[{"name":"wp","href":"https:\/\/api.w.org\/{rel}","templated":true}]}}