{"id":412,"date":"2022-09-15T16:35:00","date_gmt":"2022-09-15T14:35:00","guid":{"rendered":"https:\/\/solarbuergergenossenschaft2.benjaminkuerten.de\/?page_id=412"},"modified":"2022-12-19T12:04:03","modified_gmt":"2022-12-19T10:04:03","slug":"nachhaltigkeit-und-service","status":"publish","type":"page","link":"https:\/\/www.solarbuergergenossenschaft.de\/index.php\/nachhaltigkeit-und-service\/","title":{"rendered":"Nachhaltigkeit und Service"},"content":{"rendered":"\t\t<div data-elementor-type=\"wp-page\" data-elementor-id=\"412\" class=\"elementor elementor-412\">\n\t\t\t\t\t\t<section class=\"elementor-section elementor-top-section elementor-element elementor-element-b9b1b29 elementor-section-boxed elementor-section-height-default elementor-section-height-default\" data-id=\"b9b1b29\" data-element_type=\"section\" data-e-type=\"section\">\n\t\t\t\t\t\t<div class=\"elementor-container elementor-column-gap-default\">\n\t\t\t\t\t<div class=\"elementor-column elementor-col-100 elementor-top-column elementor-element elementor-element-2eb5ad6\" data-id=\"2eb5ad6\" data-element_type=\"column\" data-e-type=\"column\">\n\t\t\t<div class=\"elementor-widget-wrap elementor-element-populated\">\n\t\t\t\t\t\t<div class=\"elementor-element elementor-element-3c821e2 elementor-widget elementor-widget-heading\" data-id=\"3c821e2\" data-element_type=\"widget\" data-e-type=\"widget\" data-widget_type=\"heading.default\">\n\t\t\t\t<div class=\"elementor-widget-container\">\n\t\t\t\t\t<h2 class=\"elementor-heading-title elementor-size-default\">Nachhaltigkeit und Service<\/h2>\t\t\t\t<\/div>\n\t\t\t\t<\/div>\n\t\t\t\t<div class=\"elementor-element elementor-element-e866edc elementor-widget elementor-widget-heading\" data-id=\"e866edc\" data-element_type=\"widget\" data-e-type=\"widget\" data-widget_type=\"heading.default\">\n\t\t\t\t<div class=\"elementor-widget-container\">\n\t\t\t\t\t<h3 class=\"elementor-heading-title elementor-size-default\">B\u00fcrger\u00d6kogas mit nachhaltigem Biogas aus Reststoffen<\/h3>\t\t\t\t<\/div>\n\t\t\t\t<\/div>\n\t\t\t\t<div class=\"elementor-element elementor-element-c9d40f1 elementor-widget elementor-widget-text-editor\" data-id=\"c9d40f1\" data-element_type=\"widget\" data-e-type=\"widget\" data-widget_type=\"text-editor.default\">\n\t\t\t\t<div class=\"elementor-widget-container\">\n\t\t\t\t\t\t\t\t\t<div class=\"article-content item clearfix\"><div>Unser B\u00fcrger\u00d6kogas besteht wahlweise aus 5, 10 oder 100 % Biogas. Das Biogas wird vollst\u00e4ndig aus organischen Reststoffen bei der Verarbeitung von Zuckerr\u00fcben gewonnen. In der Zuckerr\u00fcbenfabrik Anklam (Mecklenburg-Vorpommern) werden die im Herbst geernteten Zuckerr\u00fcben zerkleinert und der Zucker extrahiert. Die \u00fcbrigen R\u00fcbenkleinteile werden direkt vor Ort eingelagert und \u00fcber das Jahr verteilt in einer Biogasanlage verwertet. Dieses Biogas wird in das Gasnetz eingespeist, an das jeder Haushalt mit Gasanschluss angeschlossen ist.<\/div><p><img decoding=\"async\" src=\"https:\/\/www.solarbuergergenossenschaft.de\/images\/buergerwerke\/4-BuergerOekogas-Erzeuger.png\" alt=\"4 BuergerOekogas Erzeuger\" \/><\/p><h4>Unser starker Partner f\u00fcr Ihre sichere Versorgung: Die B\u00fcrgerwerke<\/h4><p><img decoding=\"async\" class=\"alignleft\" src=\"https:\/\/www.solarbuergergenossenschaft.de\/images\/buergerwerke\/5-Logo-Buergerwerke.png\" alt=\"Logo Buergerwerke\" width=\"336\" height=\"113\" \/><\/p><p>Damit wir Ihre sichere Stromversorgung garantieren k\u00f6nnen, haben wir uns mit \u00fcber 90 Energie-Genossenschaften aus ganz Deutschland zu den\u00a0<a title=\"B\u00fcergerwerke eG\" href=\"https:\/\/buergerwerke.de\/\" target=\"_blank\" rel=\"noopener\">B\u00fcrgerwerken<\/a>\u00a0zusammengeschlossen.<\/p><p>Die B\u00fcrgerwerke sind ein unabh\u00e4ngiger Zusammenschluss von mehr als 15.000 Menschen, die die Energiewende voranbringen. Gemeinsam haben wir einen Energieversorger aufgebaut, der nur uns B\u00fcrgern geh\u00f6rt. Unser Ziel: B\u00fcrgerenergie zur zentralen S\u00e4ule einer erneuerbaren, regionalen und unabh\u00e4ngigen Energieversorgung machen. Durch den Bezug von\u00a0<a href=\"https:\/\/www.solarbuergergenossenschaft.de\/freiburger-buergerstrom.html\" target=\"_blank\" rel=\"noopener\">B\u00fcrgerstrom<\/a>\u00a0und B\u00fcrger\u00d6kogas unterst\u00fctzen Sie die Umsetzung dieser Vision.<\/p><p><img decoding=\"async\" class=\"alignleft\" src=\"https:\/\/www.solarbuergergenossenschaft.de\/images\/buergerwerke\/2019-Bewertungssiegel-Buergerwerke-Web-klein.png\" alt=\"2019 Bewertungssiegel Buergerwerke Web klein\" width=\"124\" height=\"109\" \/>\u00a0<\/p><p>Die B\u00fcrgerwerke setzen auf pers\u00f6nlichen Kundenservice, der sich zuverl\u00e4ssig um Ihre Fragen und Anliegen k\u00fcmmert. Dies zeigt sich auch an den zufriedenen<a href=\"https:\/\/www.ausgezeichnet.org\/bewertungen-buergerwerke.de-26GMVN\" target=\"_blank\" rel=\"noopener\">\u00a0Bewertungen auf dem unabh\u00e4ngigen Portal \u201eausgezeichnet.org\u201c<\/a>.<\/p><h4>Sie haben Fragen zum Wechsel? Wir helfen weiter!<\/h4><p><span id=\"cloak2cde7fb803db2fefa25573e320a442ba\"><a title=\"kundendialog@buergerwerke.de\" href=\"mailto:kundendialog@buergerwerke.de\" target=\"_blank\" rel=\"noopener\">Schreiben Sie den B\u00fcrgerwerken eine E-Mail<\/a><\/span>\u00a0oder melden Sie sich telefonisch bei unserem Kundenservice unter 06221 3928920 (Mo bis Fr, 8:30 bis 17:30 Uhr). Wir sind gerne pers\u00f6nlich f\u00fcr Sie da.\u00a0<a title=\"FAQ B\u00fcrgerstrom\" href=\"https:\/\/buergerwerke.de\/hilfe-und-kontakt\/haeufige-fragen\/\" target=\"_blank\" rel=\"noopener\">Antworten auf h\u00e4ufige Fragen zum B\u00fcrger\u00d6kogas und den B\u00fcrgerwerken finden Sie auch auf der Webseite der B\u00fcrgerwerke.<\/a><\/p><p>Machen Sie mit und werden Sie Teil der wachsenden B\u00fcrgerenergie-Bewegung: Wechseln Sie zu B\u00fcrger\u00d6kogas und unterst\u00fctzen Sie so die Energiewende in unserer Region!<\/p><p><img decoding=\"async\" src=\"https:\/\/www.solarbuergergenossenschaft.de\/images\/buergerwerke\/6-Energiebuerger-der-Buergerwerke.png\" alt=\"6 Energiebuerger der Buergerwerke\" \/><\/p><\/div>\t\t\t\t\t\t\t\t<\/div>\n\t\t\t\t<\/div>\n\t\t\t\t\t<\/div>\n\t\t<\/div>\n\t\t\t\t\t<\/div>\n\t\t<\/section>\n\t\t\t\t<\/div>\n\t\t","protected":false},"excerpt":{"rendered":"<p>Nachhaltigkeit und Service B\u00fcrger\u00d6kogas mit nachhaltigem Biogas aus Reststoffen Unser B\u00fcrger\u00d6kogas besteht wahlweise aus 5, 10 oder 100 % Biogas. Das Biogas wird vollst\u00e4ndig aus organischen Reststoffen bei der Verarbeitung [&hellip;]<\/p>\n","protected":false},"author":1,"featured_media":0,"parent":0,"menu_order":0,"comment_status":"closed","ping_status":"closed","template":"","meta":{"site-sidebar-layout":"no-sidebar","site-content-layout":"page-builder","ast-site-content-layout":"default","site-content-style":"default","site-sidebar-style":"default","ast-global-header-display":"","ast-banner-title-visibility":"","ast-main-header-display":"","ast-hfb-above-header-display":"","ast-hfb-below-header-display":"","ast-hfb-mobile-header-display":"","site-post-title":"disabled","ast-breadcrumbs-content":"","ast-featured-img":"disabled","footer-sml-layout":"","ast-disable-related-posts":"","theme-transparent-header-meta":"","adv-header-id-meta":"","stick-header-meta":"","header-above-stick-meta":"","header-main-stick-meta":"","header-below-stick-meta":"","astra-migrate-meta-layouts":"default","ast-page-background-enabled":"default","ast-page-background-meta":{"desktop":{"background-color":"var(--ast-global-color-4)","background-image":"","background-repeat":"repeat","background-position":"center center","background-size":"auto","background-attachment":"scroll","background-type":"","background-media":"","overlay-type":"","overlay-color":"","overlay-opacity":"","overlay-gradient":""},"tablet":{"background-color":"","background-image":"","background-repeat":"repeat","background-position":"center center","background-size":"auto","background-attachment":"scroll","background-type":"","background-media":"","overlay-type":"","overlay-color":"","overlay-opacity":"","overlay-gradient":""},"mobile":{"background-color":"","background-image":"","background-repeat":"repeat","background-position":"center center","background-size":"auto","background-attachment":"scroll","background-type":"","background-media":"","overlay-type":"","overlay-color":"","overlay-opacity":"","overlay-gradient":""}},"ast-content-background-meta":{"desktop":{"background-color":"var(--ast-global-color-5)","background-image":"","background-repeat":"repeat","background-position":"center center","background-size":"auto","background-attachment":"scroll","background-type":"","background-media":"","overlay-type":"","overlay-color":"","overlay-opacity":"","overlay-gradient":""},"tablet":{"background-color":"var(--ast-global-color-5)","background-image":"","background-repeat":"repeat","background-position":"center center","background-size":"auto","background-attachment":"scroll","background-type":"","background-media":"","overlay-type":"","overlay-color":"","overlay-opacity":"","overlay-gradient":""},"mobile":{"background-color":"var(--ast-global-color-5)","background-image":"","background-repeat":"repeat","background-position":"center center","background-size":"auto","background-attachment":"scroll","background-type":"","background-media":"","overlay-type":"","overlay-color":"","overlay-opacity":"","overlay-gradient":""}},"footnotes":""},"class_list":["post-412","page","type-page","status-publish","hentry"],"_links":{"self":[{"href":"https:\/\/www.solarbuergergenossenschaft.de\/index.php\/wp-json\/wp\/v2\/pages\/412","targetHints":{"allow":["GET"]}}],"collection":[{"href":"https:\/\/www.solarbuergergenossenschaft.de\/index.php\/wp-json\/wp\/v2\/pages"}],"about":[{"href":"https:\/\/www.solarbuergergenossenschaft.de\/index.php\/wp-json\/wp\/v2\/types\/page"}],"author":[{"embeddable":true,"href":"https:\/\/www.solarbuergergenossenschaft.de\/index.php\/wp-json\/wp\/v2\/users\/1"}],"replies":[{"embeddable":true,"href":"https:\/\/www.solarbuergergenossenschaft.de\/index.php\/wp-json\/wp\/v2\/comments?post=412"}],"version-history":[{"count":11,"href":"https:\/\/www.solarbuergergenossenschaft.de\/index.php\/wp-json\/wp\/v2\/pages\/412\/revisions"}],"predecessor-version":[{"id":816,"href":"https:\/\/www.solarbuergergenossenschaft.de\/index.php\/wp-json\/wp\/v2\/pages\/412\/revisions\/816"}],"wp:attachment":[{"href":"https:\/\/www.solarbuergergenossenschaft.de\/index.php\/wp-json\/wp\/v2\/media?parent=412"}],"curies":[{"name":"wp","href":"https:\/\/api.w.org\/{rel}","templated":true}]}}