{"id":467,"date":"2022-09-16T17:32:00","date_gmt":"2022-09-16T15:32:00","guid":{"rendered":"https:\/\/solarbuergergenossenschaft2.benjaminkuerten.de\/?page_id=467"},"modified":"2023-08-06T15:54:31","modified_gmt":"2023-08-06T13:54:31","slug":"dokumente-und-material","status":"publish","type":"page","link":"https:\/\/www.solarbuergergenossenschaft.de\/index.php\/dokumente-und-material\/","title":{"rendered":"Dokumente und Material"},"content":{"rendered":"\t\t<div data-elementor-type=\"wp-page\" data-elementor-id=\"467\" class=\"elementor elementor-467\">\n\t\t\t\t\t\t<section class=\"elementor-section elementor-top-section elementor-element elementor-element-bf8c16f elementor-section-boxed elementor-section-height-default elementor-section-height-default\" data-id=\"bf8c16f\" data-element_type=\"section\" data-e-type=\"section\" data-settings=\"{&quot;background_background&quot;:&quot;classic&quot;}\">\n\t\t\t\t\t\t\t<div class=\"elementor-background-overlay\"><\/div>\n\t\t\t\t\t\t\t<div class=\"elementor-container elementor-column-gap-default\">\n\t\t\t\t\t<div class=\"elementor-column elementor-col-100 elementor-top-column elementor-element elementor-element-2bcb52f2\" data-id=\"2bcb52f2\" data-element_type=\"column\" data-e-type=\"column\">\n\t\t\t<div class=\"elementor-widget-wrap elementor-element-populated\">\n\t\t\t\t\t\t<div class=\"elementor-element elementor-element-30e64719 elementor-widget elementor-widget-heading\" data-id=\"30e64719\" data-element_type=\"widget\" data-e-type=\"widget\" data-widget_type=\"heading.default\">\n\t\t\t\t<div class=\"elementor-widget-container\">\n\t\t\t\t\t<h2 class=\"elementor-heading-title elementor-size-default\">Dokumente und<br>\nMaterial<\/h2>\t\t\t\t<\/div>\n\t\t\t\t<\/div>\n\t\t\t\t\t<\/div>\n\t\t<\/div>\n\t\t\t\t\t<\/div>\n\t\t<\/section>\n\t\t\t\t<section class=\"elementor-section elementor-top-section elementor-element elementor-element-564fa47 elementor-section-boxed elementor-section-height-default elementor-section-height-default\" data-id=\"564fa47\" data-element_type=\"section\" data-e-type=\"section\">\n\t\t\t\t\t\t<div class=\"elementor-container elementor-column-gap-default\">\n\t\t\t\t\t<div class=\"elementor-column elementor-col-100 elementor-top-column elementor-element elementor-element-7ad0eb2\" data-id=\"7ad0eb2\" data-element_type=\"column\" data-e-type=\"column\">\n\t\t\t<div class=\"elementor-widget-wrap elementor-element-populated\">\n\t\t\t\t\t\t<div class=\"elementor-element elementor-element-20004b3 elementor-widget elementor-widget-accordion\" data-id=\"20004b3\" data-element_type=\"widget\" data-e-type=\"widget\" data-widget_type=\"accordion.default\">\n\t\t\t\t<div class=\"elementor-widget-container\">\n\t\t\t\t\t\t\t<div class=\"elementor-accordion\">\n\t\t\t\t\t\t\t<div class=\"elementor-accordion-item\">\n\t\t\t\t\t<div id=\"elementor-tab-title-3351\" class=\"elementor-tab-title\" data-tab=\"1\" role=\"button\" aria-controls=\"elementor-tab-content-3351\" aria-expanded=\"false\">\n\t\t\t\t\t\t\t\t\t\t\t\t\t<span class=\"elementor-accordion-icon elementor-accordion-icon-left\" aria-hidden=\"true\">\n\t\t\t\t\t\t\t\t\t\t\t\t\t\t\t<span class=\"elementor-accordion-icon-closed\"><i class=\"fas fa-plus\"><\/i><\/span>\n\t\t\t\t\t\t\t\t<span class=\"elementor-accordion-icon-opened\"><i class=\"fas fa-minus\"><\/i><\/span>\n\t\t\t\t\t\t\t\t\t\t\t\t\t\t<\/span>\n\t\t\t\t\t\t\t\t\t\t\t\t<a class=\"elementor-accordion-title\" tabindex=\"0\">Pressemitteilungen<\/a>\n\t\t\t\t\t<\/div>\n\t\t\t\t\t<div id=\"elementor-tab-content-3351\" class=\"elementor-tab-content elementor-clearfix\" data-tab=\"1\" role=\"region\" aria-labelledby=\"elementor-tab-title-3351\"><table class=\"table table-striped table-condensed\">\n<tbody>\n<tr>\n<th>Jul 2023<\/th>\n<td><a href=\"https:\/\/www.solarbuergergenossenschaft.de\/wp-content\/uploads\/2023\/08\/20230709_PM_Jahresabschluss-2022.pdf\" target=\"_blank\">Jahresabschluss 2022 und Energy Sharing<\/a><br><\/td>\n<td>Solargeno und Energiegemeinschaften<\/td>\n<\/tr>\n<tr>\n<th>Sep 2016<\/th>\n<td><a href=\"https:\/\/www.solarbuergergenossenschaft.de\/wp-content\/uploads\/2022\/09\/201609-solargeno-buergerstrom-land-der-ideen.pdf\" target=\"_blank\" rel=\"noopener noreferrer\">B\u00fcrgerstrom im Land der Ideen<\/a><\/td>\n<td>Solargeno, B\u00fcrgerwerke<\/td>\n<\/tr>\n<tr>\n<th>Dez 2015<\/th>\n<td><a href=\"https:\/\/www.solarbuergergenossenschaft.de\/wp-content\/uploads\/2022\/09\/20151207-solargeno-fernuebertragungstrassen-oder-speicherausbau.pdf\" target=\"_blank\" rel=\"noopener noreferrer\">Fern\u00fcbertragungstrassen oder Speicherausbau<\/a><\/td>\n<td>Solargeno<\/td>\n<\/tr>\n<tr>\n<th>Apr 2013<\/th>\n<td><a href=\"https:\/\/www.solarbuergergenossenschaft.de\/wp-content\/uploads\/2022\/09\/201304-solargeno-strom-aus-dem-keller.pdf\" target=\"_blank\" rel=\"noopener noreferrer\">Strom aus dem Keller<\/a><\/td>\n<td>Solargeno<\/td>\n<\/tr>\n<tr>\n<th>Apr 2013<\/th>\n<td><a href=\"https:\/\/www.solarbuergergenossenschaft.de\/wp-content\/uploads\/2022\/09\/20130419-solargeno-sonnenkraft-in-zaehringen.pdf\" target=\"_blank\" rel=\"noopener noreferrer\">Sonnenkraft in Z\u00e4hringen<\/a><\/td>\n<td>Solargeno<\/td>\n<\/tr>\n<tr>\n<th>Aug 2012<\/th>\n<td><a href=\"https:\/\/www.solarbuergergenossenschaft.de\/wp-content\/uploads\/2022\/09\/20120829-solargeno-sonnenkraft-in-buergerhand.pdf\" target=\"_blank\" rel=\"noopener noreferrer\">Sonnenkraft in B\u00fcrgerhand<\/a><\/td>\n<td>Solargeno<\/td>\n<\/tr>\n<tr>\n<th>Feb 2012<\/th>\n<td><a href=\"https:\/\/www.solarbuergergenossenschaft.de\/wp-content\/uploads\/2022\/09\/20120223-fesa-roesler-roettgen-aus-fuer-solarenergie-in-deutschland.pdf\" target=\"_blank\" rel=\"noopener noreferrer\">Aus f\u00fcr die Solarenergie in Deutschland<\/a><\/td>\n<td>fesa e.V., R\u00f6sler und R\u00f6ttgen<\/td>\n<\/tr>\n<tr>\n<th>Feb 2012<\/th>\n<td><a href=\"https:\/\/www.solarbuergergenossenschaft.de\/wp-content\/uploads\/2022\/09\/20120202-fesa-klibue-tarnung-fuer-den-kohlepfennig.pdf\" target=\"_blank\" rel=\"noopener noreferrer\">Tarnung f\u00fcr den Kohlepfennig<\/a><\/td>\n<td>fesa e.V., Klimab\u00fcndnis Freiburg<\/td>\n<\/tr>\n<tr>\n<th>Jul 2011<\/th>\n<td><a href=\"https:\/\/www.solarbuergergenossenschaft.de\/wp-content\/uploads\/2022\/09\/20110708-solargeno-genowatt-statt-gigawatt-jetzt-auf-gruen-schalten.pdf\" target=\"_blank\" rel=\"noopener noreferrer\">Genowatt statt Gigawatt<\/a><\/td>\n<td>Solargeno<\/td>\n<\/tr>\n<tr>\n<th>Jul 2011<\/th>\n<td><a href=\"https:\/\/www.solarbuergergenossenschaft.de\/wp-content\/uploads\/2022\/09\/20110705-solargeno-ein-halbes-megawatt-sonnenstrom-justus1.pdf\" target=\"_blank\" rel=\"noopener noreferrer\">Justus1, Ein halbes Megawatt Sonnenstrom<\/a><\/td>\n<td>Solargeno<\/td>\n<\/tr>\n<\/tbody>\n<\/table><\/div>\n\t\t\t\t<\/div>\n\t\t\t\t\t\t\t<div class=\"elementor-accordion-item\">\n\t\t\t\t\t<div id=\"elementor-tab-title-3352\" class=\"elementor-tab-title\" data-tab=\"2\" role=\"button\" aria-controls=\"elementor-tab-content-3352\" aria-expanded=\"false\">\n\t\t\t\t\t\t\t\t\t\t\t\t\t<span class=\"elementor-accordion-icon elementor-accordion-icon-left\" aria-hidden=\"true\">\n\t\t\t\t\t\t\t\t\t\t\t\t\t\t\t<span class=\"elementor-accordion-icon-closed\"><i class=\"fas fa-plus\"><\/i><\/span>\n\t\t\t\t\t\t\t\t<span class=\"elementor-accordion-icon-opened\"><i class=\"fas fa-minus\"><\/i><\/span>\n\t\t\t\t\t\t\t\t\t\t\t\t\t\t<\/span>\n\t\t\t\t\t\t\t\t\t\t\t\t<a class=\"elementor-accordion-title\" tabindex=\"0\">Dokumente zu Mitgliedschaft und Beteiligung<\/a>\n\t\t\t\t\t<\/div>\n\t\t\t\t\t<div id=\"elementor-tab-content-3352\" class=\"elementor-tab-content elementor-clearfix\" data-tab=\"2\" role=\"region\" aria-labelledby=\"elementor-tab-title-3352\"><ul><li><a class=\"hasTooltip\" title=\"\" href=\"https:\/\/www.solarbuergergenossenschaft.de\/wp-content\/uploads\/2022\/09\/solargeno-satzung.pdf\" data-original-title=\"Die Satzung der Solar-B\u00fcrger-Genossenschaft (PDF)\">Satzung (PDF)<\/a><\/li><li><a class=\"hasTooltip\" title=\"\" href=\"https:\/\/www.solarbuergergenossenschaft.de\/wp-content\/uploads\/2022\/09\/solargeno-geschaeftsordnung.pdf\" data-original-title=\"Die AGB der Solar-B\u00fcrger-Genossenschaft (PDF)\">Gesch\u00e4ftsordnung (PDF)<\/a><\/li><li><a class=\"hasTooltip\" title=\"\" href=\"https:\/\/www.solarbuergergenossenschaft.de\/wp-content\/uploads\/2022\/09\/solargeno-beitrittserklaerung.pdf\" data-original-title=\"Die Beitrittserkl\u00e4rung der Solar-B\u00fcrger-Genossenschaft (PDF)\">Beitrittserkl\u00e4rung (PDF)<\/a><\/li><li><a class=\"hasTooltip\" title=\"\" href=\"https:\/\/www.solarbuergergenossenschaft.de\/wp-content\/uploads\/2022\/09\/solargeno-beitragserhoehung.pdf\" data-original-title=\"Erwerb weiterer Gesch\u00e4ftsanteile (PDF)\">Genossenschaftsanteil erh\u00f6hen (PDF)<\/a><\/li><li><a class=\"hasTooltip\" title=\"\" href=\"https:\/\/www.solarbuergergenossenschaft.de\/wp-content\/uploads\/2022\/09\/solargeno-freistellungsauftrag-fuer-kapitalertraege.pdf\" data-original-title=\"PDF \u00f6ffnen\">Freistellungsauftrag (PDF)<\/a><\/li><li><a class=\"hasTooltip\" title=\"\" href=\"http:\/\/www.formulare-bfinv.de\/ffw\/action\/invoke.do?id=010156\" target=\"_blank\" rel=\"noopener noreferrer\" data-original-title=\"Internetseite formulare-bfinv.de \u00f6ffnen (externer Link)\">Link zum Sperrvermerk f\u00fcr die Kirchensteuerrecherche<\/a><\/li><\/ul><\/div>\n\t\t\t\t<\/div>\n\t\t\t\t\t\t\t<div class=\"elementor-accordion-item\">\n\t\t\t\t\t<div id=\"elementor-tab-title-3353\" class=\"elementor-tab-title\" data-tab=\"3\" role=\"button\" aria-controls=\"elementor-tab-content-3353\" aria-expanded=\"false\">\n\t\t\t\t\t\t\t\t\t\t\t\t\t<span class=\"elementor-accordion-icon elementor-accordion-icon-left\" aria-hidden=\"true\">\n\t\t\t\t\t\t\t\t\t\t\t\t\t\t\t<span class=\"elementor-accordion-icon-closed\"><i class=\"fas fa-plus\"><\/i><\/span>\n\t\t\t\t\t\t\t\t<span class=\"elementor-accordion-icon-opened\"><i class=\"fas fa-minus\"><\/i><\/span>\n\t\t\t\t\t\t\t\t\t\t\t\t\t\t<\/span>\n\t\t\t\t\t\t\t\t\t\t\t\t<a class=\"elementor-accordion-title\" tabindex=\"0\">Infoflyer solargeno<\/a>\n\t\t\t\t\t<\/div>\n\t\t\t\t\t<div id=\"elementor-tab-content-3353\" class=\"elementor-tab-content elementor-clearfix\" data-tab=\"3\" role=\"region\" aria-labelledby=\"elementor-tab-title-3353\"><p><a href=\"https:\/\/www.solarbuergergenossenschaft.de\/wp-content\/uploads\/2022\/09\/solargeno-infoflyer-genossenschaft-was-der-einzelne-nicht-kann-koennen-viele.pdf\">Solar-B\u00fcrger-Genossenschaft Falzflyer (PDF)<\/a> <br><a href=\"https:\/\/www.solarbuergergenossenschaft.de\/wp-content\/uploads\/2022\/09\/solargeno-infoflyer-genossenschaft-kurzportrait.pdf\">Kurzportrait der Solar-B\u00fcrger-Genossenschaft eG (PDF)<\/a><br><a href=\"https:\/\/www.solarbuergergenossenschaft.de\/wp-content\/uploads\/2022\/09\/Beteiligungsmodelle.pdf\">Unser B\u00fcrgerbeteiligungsmodell (PDF)<\/a><\/p><\/div>\n\t\t\t\t<\/div>\n\t\t\t\t\t\t\t<div class=\"elementor-accordion-item\">\n\t\t\t\t\t<div id=\"elementor-tab-title-3354\" class=\"elementor-tab-title\" data-tab=\"4\" role=\"button\" aria-controls=\"elementor-tab-content-3354\" aria-expanded=\"false\">\n\t\t\t\t\t\t\t\t\t\t\t\t\t<span class=\"elementor-accordion-icon elementor-accordion-icon-left\" aria-hidden=\"true\">\n\t\t\t\t\t\t\t\t\t\t\t\t\t\t\t<span class=\"elementor-accordion-icon-closed\"><i class=\"fas fa-plus\"><\/i><\/span>\n\t\t\t\t\t\t\t\t<span class=\"elementor-accordion-icon-opened\"><i class=\"fas fa-minus\"><\/i><\/span>\n\t\t\t\t\t\t\t\t\t\t\t\t\t\t<\/span>\n\t\t\t\t\t\t\t\t\t\t\t\t<a class=\"elementor-accordion-title\" tabindex=\"0\">Infoflyer PV-Projekte<\/a>\n\t\t\t\t\t<\/div>\n\t\t\t\t\t<div id=\"elementor-tab-content-3354\" class=\"elementor-tab-content elementor-clearfix\" data-tab=\"4\" role=\"region\" aria-labelledby=\"elementor-tab-title-3354\"><p><a href=\"https:\/\/www.solarbuergergenossenschaft.de\/wp-content\/uploads\/2022\/09\/PV_Angebot_allgemein.pdf\">PV-Angebot (PDF)<br><\/a><a href=\"https:\/\/www.solarbuergergenossenschaft.de\/wp-content\/uploads\/2022\/09\/solargeno-infoflyer-solar-contractingvarianten.pdf\">Varianten PV-Contracting (PDF)<\/a><br><a href=\"https:\/\/www.solarbuergergenossenschaft.de\/wp-content\/uploads\/2022\/09\/FAQ.pdf\">Fragen und Antworten (PDF)<\/a><br><\/p><\/div>\n\t\t\t\t<\/div>\n\t\t\t\t\t\t\t<div class=\"elementor-accordion-item\">\n\t\t\t\t\t<div id=\"elementor-tab-title-3355\" class=\"elementor-tab-title\" data-tab=\"5\" role=\"button\" aria-controls=\"elementor-tab-content-3355\" aria-expanded=\"false\">\n\t\t\t\t\t\t\t\t\t\t\t\t\t<span class=\"elementor-accordion-icon elementor-accordion-icon-left\" aria-hidden=\"true\">\n\t\t\t\t\t\t\t\t\t\t\t\t\t\t\t<span class=\"elementor-accordion-icon-closed\"><i class=\"fas fa-plus\"><\/i><\/span>\n\t\t\t\t\t\t\t\t<span class=\"elementor-accordion-icon-opened\"><i class=\"fas fa-minus\"><\/i><\/span>\n\t\t\t\t\t\t\t\t\t\t\t\t\t\t<\/span>\n\t\t\t\t\t\t\t\t\t\t\t\t<a class=\"elementor-accordion-title\" tabindex=\"0\">Projekt-Anfrage-Formular<\/a>\n\t\t\t\t\t<\/div>\n\t\t\t\t\t<div id=\"elementor-tab-content-3355\" class=\"elementor-tab-content elementor-clearfix\" data-tab=\"5\" role=\"region\" aria-labelledby=\"elementor-tab-title-3355\"><p><a href=\"https:\/\/www.solarbuergergenossenschaft.de\/wp-content\/uploads\/2022\/09\/pv_ersterfassung_formular.pdf\">Anfrage-Formular PV (PDF)<\/a><\/p><\/div>\n\t\t\t\t<\/div>\n\t\t\t\t\t\t\t<div class=\"elementor-accordion-item\">\n\t\t\t\t\t<div id=\"elementor-tab-title-3356\" class=\"elementor-tab-title\" data-tab=\"6\" role=\"button\" aria-controls=\"elementor-tab-content-3356\" aria-expanded=\"false\">\n\t\t\t\t\t\t\t\t\t\t\t\t\t<span class=\"elementor-accordion-icon elementor-accordion-icon-left\" aria-hidden=\"true\">\n\t\t\t\t\t\t\t\t\t\t\t\t\t\t\t<span class=\"elementor-accordion-icon-closed\"><i class=\"fas fa-plus\"><\/i><\/span>\n\t\t\t\t\t\t\t\t<span class=\"elementor-accordion-icon-opened\"><i class=\"fas fa-minus\"><\/i><\/span>\n\t\t\t\t\t\t\t\t\t\t\t\t\t\t<\/span>\n\t\t\t\t\t\t\t\t\t\t\t\t<a class=\"elementor-accordion-title\" tabindex=\"0\">Logos der Solargeno<\/a>\n\t\t\t\t\t<\/div>\n\t\t\t\t\t<div id=\"elementor-tab-content-3356\" class=\"elementor-tab-content elementor-clearfix\" data-tab=\"6\" role=\"region\" aria-labelledby=\"elementor-tab-title-3356\"><p><img decoding=\"async\" class=\"alignnone size-full wp-image-522\" src=\"https:\/\/www.solarbuergergenossenschaft.de\/wp-content\/uploads\/2022\/09\/solargeno-logo-weiss-mit-schrift-thumb.jpg\" alt=\"\" width=\"160\" height=\"143\" \/> <img decoding=\"async\" class=\"size-medium wp-image-523 alignnone\" src=\"https:\/\/www.solarbuergergenossenschaft.de\/wp-content\/uploads\/2022\/09\/solargeno-logo-weiss-ohne-schrift-thumb.jpg\" alt=\"\" width=\"160\" height=\"177\" \/> <img decoding=\"async\" class=\"size-medium wp-image-524 alignnone\" src=\"https:\/\/www.solarbuergergenossenschaft.de\/wp-content\/uploads\/2022\/09\/logo_mitSchrift_quer_gross-300x73.jpg\" alt=\"\" width=\"300\" height=\"73\" srcset=\"https:\/\/www.solarbuergergenossenschaft.de\/wp-content\/uploads\/2022\/09\/logo_mitSchrift_quer_gross-300x73.jpg 300w, https:\/\/www.solarbuergergenossenschaft.de\/wp-content\/uploads\/2022\/09\/logo_mitSchrift_quer_gross-1024x248.jpg 1024w, https:\/\/www.solarbuergergenossenschaft.de\/wp-content\/uploads\/2022\/09\/logo_mitSchrift_quer_gross-768x186.jpg 768w, https:\/\/www.solarbuergergenossenschaft.de\/wp-content\/uploads\/2022\/09\/logo_mitSchrift_quer_gross-1536x372.jpg 1536w, https:\/\/www.solarbuergergenossenschaft.de\/wp-content\/uploads\/2022\/09\/logo_mitSchrift_quer_gross-2048x496.jpg 2048w\" sizes=\"(max-width: 300px) 100vw, 300px\" \/><\/p><\/div>\n\t\t\t\t<\/div>\n\t\t\t\t\t\t\t\t<\/div>\n\t\t\t\t\t\t<\/div>\n\t\t\t\t<\/div>\n\t\t\t\t\t<\/div>\n\t\t<\/div>\n\t\t\t\t\t<\/div>\n\t\t<\/section>\n\t\t\t\t<\/div>\n\t\t","protected":false},"excerpt":{"rendered":"<p>Dokumente und Material Pressemitteilungen Jul 2023 Jahresabschluss 2022 und Energy Sharing Solargeno und Energiegemeinschaften Sep 2016 B\u00fcrgerstrom im Land der Ideen Solargeno, B\u00fcrgerwerke Dez 2015 Fern\u00fcbertragungstrassen oder Speicherausbau Solargeno Apr [&hellip;]<\/p>\n","protected":false},"author":1,"featured_media":0,"parent":0,"menu_order":0,"comment_status":"closed","ping_status":"closed","template":"","meta":{"site-sidebar-layout":"no-sidebar","site-content-layout":"page-builder","ast-site-content-layout":"default","site-content-style":"default","site-sidebar-style":"default","ast-global-header-display":"","ast-banner-title-visibility":"","ast-main-header-display":"","ast-hfb-above-header-display":"","ast-hfb-below-header-display":"","ast-hfb-mobile-header-display":"","site-post-title":"disabled","ast-breadcrumbs-content":"","ast-featured-img":"disabled","footer-sml-layout":"","ast-disable-related-posts":"","theme-transparent-header-meta":"","adv-header-id-meta":"","stick-header-meta":"","header-above-stick-meta":"","header-main-stick-meta":"","header-below-stick-meta":"","astra-migrate-meta-layouts":"default","ast-page-background-enabled":"default","ast-page-background-meta":{"desktop":{"background-color":"var(--ast-global-color-4)","background-image":"","background-repeat":"repeat","background-position":"center center","background-size":"auto","background-attachment":"scroll","background-type":"","background-media":"","overlay-type":"","overlay-color":"","overlay-opacity":"","overlay-gradient":""},"tablet":{"background-color":"","background-image":"","background-repeat":"repeat","background-position":"center center","background-size":"auto","background-attachment":"scroll","background-type":"","background-media":"","overlay-type":"","overlay-color":"","overlay-opacity":"","overlay-gradient":""},"mobile":{"background-color":"","background-image":"","background-repeat":"repeat","background-position":"center center","background-size":"auto","background-attachment":"scroll","background-type":"","background-media":"","overlay-type":"","overlay-color":"","overlay-opacity":"","overlay-gradient":""}},"ast-content-background-meta":{"desktop":{"background-color":"var(--ast-global-color-5)","background-image":"","background-repeat":"repeat","background-position":"center center","background-size":"auto","background-attachment":"scroll","background-type":"","background-media":"","overlay-type":"","overlay-color":"","overlay-opacity":"","overlay-gradient":""},"tablet":{"background-color":"var(--ast-global-color-5)","background-image":"","background-repeat":"repeat","background-position":"center center","background-size":"auto","background-attachment":"scroll","background-type":"","background-media":"","overlay-type":"","overlay-color":"","overlay-opacity":"","overlay-gradient":""},"mobile":{"background-color":"var(--ast-global-color-5)","background-image":"","background-repeat":"repeat","background-position":"center center","background-size":"auto","background-attachment":"scroll","background-type":"","background-media":"","overlay-type":"","overlay-color":"","overlay-opacity":"","overlay-gradient":""}},"footnotes":""},"class_list":["post-467","page","type-page","status-publish","hentry"],"_links":{"self":[{"href":"https:\/\/www.solarbuergergenossenschaft.de\/index.php\/wp-json\/wp\/v2\/pages\/467","targetHints":{"allow":["GET"]}}],"collection":[{"href":"https:\/\/www.solarbuergergenossenschaft.de\/index.php\/wp-json\/wp\/v2\/pages"}],"about":[{"href":"https:\/\/www.solarbuergergenossenschaft.de\/index.php\/wp-json\/wp\/v2\/types\/page"}],"author":[{"embeddable":true,"href":"https:\/\/www.solarbuergergenossenschaft.de\/index.php\/wp-json\/wp\/v2\/users\/1"}],"replies":[{"embeddable":true,"href":"https:\/\/www.solarbuergergenossenschaft.de\/index.php\/wp-json\/wp\/v2\/comments?post=467"}],"version-history":[{"count":44,"href":"https:\/\/www.solarbuergergenossenschaft.de\/index.php\/wp-json\/wp\/v2\/pages\/467\/revisions"}],"predecessor-version":[{"id":1259,"href":"https:\/\/www.solarbuergergenossenschaft.de\/index.php\/wp-json\/wp\/v2\/pages\/467\/revisions\/1259"}],"wp:attachment":[{"href":"https:\/\/www.solarbuergergenossenschaft.de\/index.php\/wp-json\/wp\/v2\/media?parent=467"}],"curies":[{"name":"wp","href":"https:\/\/api.w.org\/{rel}","templated":true}]}}